{"id":306,"date":"2023-11-28T19:04:13","date_gmt":"2023-11-28T18:04:13","guid":{"rendered":"https:\/\/dev.saller-bau.com\/?page_id=306"},"modified":"2023-11-30T15:06:55","modified_gmt":"2023-11-30T14:06:55","slug":"novinky","status":"publish","type":"page","link":"https:\/\/www.saller-bau.com\/sk\/novinky\/","title":{"rendered":"Novinky"},"content":{"rendered":"","protected":false},"excerpt":{"rendered":" [&#8230;]<p><a class=\"btn btn-secondary understrap-read-more-link\" href=\"https:\/\/www.saller-bau.com\/sk\/novinky\/\">\u010c\u00edta\u0165 viac&#8230;<span class=\"screen-reader-text\"> from Novinky<\/span><\/a><\/p>","protected":false},"author":1,"featured_media":0,"parent":0,"menu_order":0,"comment_status":"closed","ping_status":"closed","template":"page-templates\/aktuelles.php","meta":{"_acf_changed":false,"_eb_attr":"","inline_featured_image":false,"postBodyCss":"","postBodyMargin":[],"postBodyPadding":[],"postBodyBackground":{"backgroundType":"classic","gradient":""},"footnotes":""},"class_list":["post-306","page","type-page","status-publish","hentry"],"featured_image_src":null,"acf":[],"yoast_head":"<!-- This site is optimized with the Yoast SEO plugin v27.4 - https:\/\/yoast.com\/product\/yoast-seo-wordpress\/ -->\n<title>Novinky - Saller<\/title>\n<meta name=\"robots\" content=\"index, follow, max-snippet:-1, max-image-preview:large, max-video-preview:-1\" \/>\n<link rel=\"canonical\" href=\"https:\/\/www.saller-bau.com\/sk\/novinky\/\" \/>\n<meta property=\"og:locale\" content=\"sk_SK\" \/>\n<meta property=\"og:type\" content=\"article\" \/>\n<meta property=\"og:title\" content=\"Novinky - Saller\" \/>\n<meta property=\"og:description\" content=\"[...]\u010c\u00edta\u0165 viac... from Novinky\" \/>\n<meta property=\"og:url\" content=\"https:\/\/www.saller-bau.com\/sk\/novinky\/\" \/>\n<meta property=\"og:site_name\" content=\"Saller\" \/>\n<meta property=\"article:modified_time\" content=\"2023-11-30T14:06:55+00:00\" \/>\n<meta name=\"twitter:card\" content=\"summary_large_image\" \/>\n<script type=\"application\/ld+json\" class=\"yoast-schema-graph\">{\"@context\":\"https:\\\/\\\/schema.org\",\"@graph\":[{\"@type\":\"WebPage\",\"@id\":\"https:\\\/\\\/www.saller-bau.com\\\/sk\\\/novinky\\\/\",\"url\":\"https:\\\/\\\/www.saller-bau.com\\\/sk\\\/novinky\\\/\",\"name\":\"Novinky - Saller\",\"isPartOf\":{\"@id\":\"https:\\\/\\\/www.saller-bau.com\\\/sk\\\/#website\"},\"datePublished\":\"2023-11-28T18:04:13+00:00\",\"dateModified\":\"2023-11-30T14:06:55+00:00\",\"breadcrumb\":{\"@id\":\"https:\\\/\\\/www.saller-bau.com\\\/sk\\\/novinky\\\/#breadcrumb\"},\"inLanguage\":\"sk-SK\",\"potentialAction\":[{\"@type\":\"ReadAction\",\"target\":[\"https:\\\/\\\/www.saller-bau.com\\\/sk\\\/novinky\\\/\"]}]},{\"@type\":\"BreadcrumbList\",\"@id\":\"https:\\\/\\\/www.saller-bau.com\\\/sk\\\/novinky\\\/#breadcrumb\",\"itemListElement\":[{\"@type\":\"ListItem\",\"position\":1,\"name\":\"Startseite\",\"item\":\"https:\\\/\\\/www.saller-bau.com\\\/sk\\\/\"},{\"@type\":\"ListItem\",\"position\":2,\"name\":\"Novinky\"}]},{\"@type\":\"WebSite\",\"@id\":\"https:\\\/\\\/www.saller-bau.com\\\/sk\\\/#website\",\"url\":\"https:\\\/\\\/www.saller-bau.com\\\/sk\\\/\",\"name\":\"Saller\",\"description\":\"\",\"publisher\":{\"@id\":\"https:\\\/\\\/www.saller-bau.com\\\/sk\\\/#organization\"},\"potentialAction\":[{\"@type\":\"SearchAction\",\"target\":{\"@type\":\"EntryPoint\",\"urlTemplate\":\"https:\\\/\\\/www.saller-bau.com\\\/sk\\\/?s={search_term_string}\"},\"query-input\":{\"@type\":\"PropertyValueSpecification\",\"valueRequired\":true,\"valueName\":\"search_term_string\"}}],\"inLanguage\":\"sk-SK\"},{\"@type\":\"Organization\",\"@id\":\"https:\\\/\\\/www.saller-bau.com\\\/sk\\\/#organization\",\"name\":\"Saller Unternehmensgruppe\",\"url\":\"https:\\\/\\\/www.saller-bau.com\\\/sk\\\/\",\"logo\":{\"@type\":\"ImageObject\",\"inLanguage\":\"sk-SK\",\"@id\":\"https:\\\/\\\/www.saller-bau.com\\\/sk\\\/#\\\/schema\\\/logo\\\/image\\\/\",\"url\":\"https:\\\/\\\/www.saller-bau.com\\\/wp-content\\\/uploads\\\/2025\\\/03\\\/Saller-ohne-Group_Immob-aus-Leidenschaft_Spruch-gross-01.png\",\"contentUrl\":\"https:\\\/\\\/www.saller-bau.com\\\/wp-content\\\/uploads\\\/2025\\\/03\\\/Saller-ohne-Group_Immob-aus-Leidenschaft_Spruch-gross-01.png\",\"width\":1308,\"height\":270,\"caption\":\"Saller Unternehmensgruppe\"},\"image\":{\"@id\":\"https:\\\/\\\/www.saller-bau.com\\\/sk\\\/#\\\/schema\\\/logo\\\/image\\\/\"},\"sameAs\":[\"https:\\\/\\\/www.linkedin.com\\\/in\\\/sallergroup\\\/\"]}]}<\/script>\n<!-- \/ Yoast SEO plugin. -->","yoast_head_json":{"title":"Novinky - Saller","robots":{"index":"index","follow":"follow","max-snippet":"max-snippet:-1","max-image-preview":"max-image-preview:large","max-video-preview":"max-video-preview:-1"},"canonical":"https:\/\/www.saller-bau.com\/sk\/novinky\/","og_locale":"sk_SK","og_type":"article","og_title":"Novinky - Saller","og_description":"[...]\u010c\u00edta\u0165 viac... from Novinky","og_url":"https:\/\/www.saller-bau.com\/sk\/novinky\/","og_site_name":"Saller","article_modified_time":"2023-11-30T14:06:55+00:00","twitter_card":"summary_large_image","schema":{"@context":"https:\/\/schema.org","@graph":[{"@type":"WebPage","@id":"https:\/\/www.saller-bau.com\/sk\/novinky\/","url":"https:\/\/www.saller-bau.com\/sk\/novinky\/","name":"Novinky - Saller","isPartOf":{"@id":"https:\/\/www.saller-bau.com\/sk\/#website"},"datePublished":"2023-11-28T18:04:13+00:00","dateModified":"2023-11-30T14:06:55+00:00","breadcrumb":{"@id":"https:\/\/www.saller-bau.com\/sk\/novinky\/#breadcrumb"},"inLanguage":"sk-SK","potentialAction":[{"@type":"ReadAction","target":["https:\/\/www.saller-bau.com\/sk\/novinky\/"]}]},{"@type":"BreadcrumbList","@id":"https:\/\/www.saller-bau.com\/sk\/novinky\/#breadcrumb","itemListElement":[{"@type":"ListItem","position":1,"name":"Startseite","item":"https:\/\/www.saller-bau.com\/sk\/"},{"@type":"ListItem","position":2,"name":"Novinky"}]},{"@type":"WebSite","@id":"https:\/\/www.saller-bau.com\/sk\/#website","url":"https:\/\/www.saller-bau.com\/sk\/","name":"Saller","description":"","publisher":{"@id":"https:\/\/www.saller-bau.com\/sk\/#organization"},"potentialAction":[{"@type":"SearchAction","target":{"@type":"EntryPoint","urlTemplate":"https:\/\/www.saller-bau.com\/sk\/?s={search_term_string}"},"query-input":{"@type":"PropertyValueSpecification","valueRequired":true,"valueName":"search_term_string"}}],"inLanguage":"sk-SK"},{"@type":"Organization","@id":"https:\/\/www.saller-bau.com\/sk\/#organization","name":"Saller Unternehmensgruppe","url":"https:\/\/www.saller-bau.com\/sk\/","logo":{"@type":"ImageObject","inLanguage":"sk-SK","@id":"https:\/\/www.saller-bau.com\/sk\/#\/schema\/logo\/image\/","url":"https:\/\/www.saller-bau.com\/wp-content\/uploads\/2025\/03\/Saller-ohne-Group_Immob-aus-Leidenschaft_Spruch-gross-01.png","contentUrl":"https:\/\/www.saller-bau.com\/wp-content\/uploads\/2025\/03\/Saller-ohne-Group_Immob-aus-Leidenschaft_Spruch-gross-01.png","width":1308,"height":270,"caption":"Saller Unternehmensgruppe"},"image":{"@id":"https:\/\/www.saller-bau.com\/sk\/#\/schema\/logo\/image\/"},"sameAs":["https:\/\/www.linkedin.com\/in\/sallergroup\/"]}]}},"_links":{"self":[{"href":"https:\/\/www.saller-bau.com\/sk\/wp-json\/wp\/v2\/pages\/306","targetHints":{"allow":["GET"]}}],"collection":[{"href":"https:\/\/www.saller-bau.com\/sk\/wp-json\/wp\/v2\/pages"}],"about":[{"href":"https:\/\/www.saller-bau.com\/sk\/wp-json\/wp\/v2\/types\/page"}],"author":[{"embeddable":true,"href":"https:\/\/www.saller-bau.com\/sk\/wp-json\/wp\/v2\/users\/1"}],"replies":[{"embeddable":true,"href":"https:\/\/www.saller-bau.com\/sk\/wp-json\/wp\/v2\/comments?post=306"}],"version-history":[{"count":2,"href":"https:\/\/www.saller-bau.com\/sk\/wp-json\/wp\/v2\/pages\/306\/revisions"}],"predecessor-version":[{"id":312,"href":"https:\/\/www.saller-bau.com\/sk\/wp-json\/wp\/v2\/pages\/306\/revisions\/312"}],"wp:attachment":[{"href":"https:\/\/www.saller-bau.com\/sk\/wp-json\/wp\/v2\/media?parent=306"}],"curies":[{"name":"wp","href":"https:\/\/api.w.org\/{rel}","templated":true}]}}