{"id":156,"date":"2023-11-07T19:22:12","date_gmt":"2023-11-07T18:22:12","guid":{"rendered":"https:\/\/dev.saller-bau.com\/?page_id=156"},"modified":"2025-07-02T09:10:51","modified_gmt":"2025-07-02T07:10:51","slug":"domovska-stranka","status":"publish","type":"page","link":"https:\/\/www.saller-bau.com\/sk\/","title":{"rendered":"Domovsk\u00e1 str\u00e1nka"},"content":{"rendered":"\n<div style=\"height:31px\" aria-hidden=\"true\" class=\"wp-block-spacer\"><\/div>\n\n\n\n<h2 class=\"wp-block-heading has-text-align-center has-text-color has-link-color wp-elements-3ef7bed63f46d8df6db44880ef821842\" style=\"color:#00305b;font-style:normal;font-weight:700;text-transform:uppercase\">V\u00e1\u0161e\u0148 pre nehnute\u013enosti<\/h2>\n\n\n\n<p><\/p>\n\n\n\n<h4 class=\"wp-block-heading has-text-align-center has-text-color has-link-color wp-elements-cd2e1efc5cabcc565a5d355297192d3c\" style=\"color:#00305b;font-size:16px\"><strong>Na\u0161a strat\u00e9gia: staviame budovy pre \u013eud\u00ed.<\/strong><\/h4>\n\n\n\n<p><\/p>\n\n\n\n<p class=\"has-text-align-center\" style=\"font-size:16px\">Chceme, aby sa z\u00e1kazn\u00edkom na\u0161e budovy p\u00e1\u010dili. Chceme, aby budovy sl\u00fa\u017eili \u013eu\u010fom.<\/p>\n\n\n\n<p class=\"has-text-align-center\" style=\"font-size:16px\">Nechceme pou\u017e\u00edva\u0165 ekol\u00f3giu len ako fr\u00e1zu, ale stoj\u00edme si za \u0148ou. Ekol\u00f3gia m\u00e1 zmysel, je na\u0161ou etickou povinnos\u0165ou vies\u0165 svet k lep\u0161ej kvalite \u017eivota prostredn\u00edctvom praktick\u00fdch, atrakt\u00edvnych a objekt\u00edvne kr\u00e1snych dojmov a mo\u017eno prinies\u0165 aj trochu viac \u0161\u0165astia.<\/p>\n\n\n\n<div style=\"height:20px\" aria-hidden=\"true\" class=\"wp-block-spacer\"><\/div>\n\n\n\n<p class=\"has-text-align-center\" style=\"font-size:16px\">\u201eNa ka\u017edej stavbe s\u00fa d\u00f4le\u017eit\u00e9 dve veci:<br>aby st\u00e1la na spr\u00e1vnom mieste, aby mala dobr\u00e9 z\u00e1klady a<br>aby bola bezchybne postaven\u00e1.\u201c<\/p>\n\n\n\n<p class=\"has-text-align-center\" style=\"font-size:16px\"><\/p>\n\n\n\n<p class=\"has-text-align-center\" style=\"font-size:14px\"><em>Johann Wolfgang von Goethe (1749 \u2013 1832)<\/em><\/p>\n\n\n<div class=\"n2_clear\"><ss3-force-full-width data-overflow-x=\"body\" data-horizontal-selector=\"body\"><div class=\"n2-section-smartslider fitvidsignore  n2_clear\" data-ssid=\"10\"><div id=\"n2-ss-10-align\" class=\"n2-ss-align\"><div class=\"n2-padding\"><div id=\"n2-ss-10\" data-creator=\"Smart Slider 3\" data-responsive=\"fullwidth\" class=\"n2-ss-slider n2-ow n2-has-hover n2notransition   n2-ss-showcase-horizontal\">        <div class=\"n2-ss-slider-1 n2_ss__touch_element n2-ow\">\n            <div class=\"n2-ss-slider-2 n2-ow\">\n                                <div class=\"n2-ss-slider-3 n2-ow\">\n                    <svg xmlns=\"http:\/\/www.w3.org\/2000\/svg\" viewBox=\"0 0 1200 400\" data-related-device=\"desktopPortrait\" class=\"n2-ow n2-ss-preserve-size n2-ss-preserve-size--slider n2-ss-slide-limiter\" style=\"max-width:1200px\"><\/svg>                    <div class=\"n2-ss-showcase-slides n2-ow\">\n                        <svg xmlns=\"http:\/\/www.w3.org\/2000\/svg\" viewBox=\"0 0 600 400\" class=\"n2-ow n2-ss-preserve-size n2-ss-slide-limiter\"><\/svg>\n                        <div data-first=\"1\" data-slide-duration=\"0\" data-id=\"107\" data-slide-public-id=\"1\" data-title=\"demox4\" class=\"n2-ss-slide  n2-ss-slide-107 n2-ow\"><div class=\"n2-ss-slide-background\" data-public-id=\"1\" data-mode=\"fill\"><div class=\"n2-ss-slide-background-image\" data-blur=\"0\" data-opacity=\"100\" data-x=\"50\" data-y=\"50\" data-alt=\"\" data-title=\"\"><picture class=\"skip-lazy\" data-skip-lazy=\"1\"><img decoding=\"async\" src=\"\/\/www.saller-bau.com\/wp-content\/uploads\/2023\/11\/demox4.jpg\" alt=\"\" title=\"\" loading=\"lazy\" class=\"skip-lazy\" data-skip-lazy=\"1\"><\/picture><\/div><div data-color=\"RGBA(255,255,255,0)\" style=\"background-color: RGBA(255,255,255,0);\" class=\"n2-ss-slide-background-color\"><\/div><\/div><div class=\"n2-ss-slide-inner\"><div role=\"note\" class=\"n2-ss-slide--focus\" tabindex=\"-1\">demox4<\/div><div class=\"n2-ss-layers-container n2-ss-slide-limiter n2-ow\"><div class=\"n2-ss-layer n2-ow n-uc-iQ06q7ocHZnd\" data-sstype=\"slide\" data-pm=\"default\"><\/div><\/div><\/div><div class=\"n2-ss-showcase-overlay n2-ow\"><\/div><\/div><div data-slide-duration=\"0\" data-id=\"98\" data-slide-public-id=\"2\" aria-hidden=\"true\" data-title=\"S1 Prerov Opening\" class=\"n2-ss-slide  n2-ss-slide-98 n2-ow\"><div class=\"n2-ss-slide-background\" data-public-id=\"2\" data-mode=\"fill\"><div class=\"n2-ss-slide-background-image\" data-blur=\"0\" data-opacity=\"100\" data-x=\"50\" data-y=\"50\" data-alt=\"\" data-title=\"\"><picture class=\"skip-lazy\" data-skip-lazy=\"1\"><img decoding=\"async\" src=\"\/\/www.saller-bau.com\/wp-content\/uploads\/2023\/12\/S1-Prerov-Opening.jpg\" alt=\"\" title=\"\" loading=\"lazy\" class=\"skip-lazy\" data-skip-lazy=\"1\"><\/picture><\/div><div data-color=\"RGBA(255,255,255,0)\" style=\"background-color: RGBA(255,255,255,0);\" class=\"n2-ss-slide-background-color\"><\/div><\/div><div class=\"n2-ss-slide-inner\"><div role=\"note\" class=\"n2-ss-slide--focus\" tabindex=\"-1\">S1 Prerov Opening<\/div><div class=\"n2-ss-layers-container n2-ss-slide-limiter n2-ow\"><div class=\"n2-ss-layer n2-ow n-uc-tEW8VgC4ZUvr\" data-sstype=\"slide\" data-pm=\"default\"><\/div><\/div><\/div><div class=\"n2-ss-showcase-overlay n2-ow\"><\/div><\/div><div data-slide-duration=\"0\" data-id=\"106\" data-slide-public-id=\"3\" aria-hidden=\"true\" data-title=\"2018-09-11 Legefeld Firmengeb\u00e4ude mail Arc3+SV (3)\" class=\"n2-ss-slide  n2-ss-slide-106 n2-ow\"><div class=\"n2-ss-slide-background\" data-public-id=\"3\" data-mode=\"fill\"><div class=\"n2-ss-slide-background-image\" data-blur=\"0\" data-opacity=\"100\" data-x=\"50\" data-y=\"50\" data-alt=\"\" data-title=\"\"><picture class=\"skip-lazy\" data-skip-lazy=\"1\"><img decoding=\"async\" src=\"\/\/www.saller-bau.com\/wp-content\/uploads\/2024\/08\/2018-09-11-Legefeld-Firmengebaeude-mail-Arc3SV-3.jpg\" alt=\"\" title=\"\" loading=\"lazy\" class=\"skip-lazy\" data-skip-lazy=\"1\"><\/picture><\/div><div data-color=\"RGBA(255,255,255,0)\" style=\"background-color: RGBA(255,255,255,0);\" class=\"n2-ss-slide-background-color\"><\/div><\/div><div class=\"n2-ss-slide-inner\"><div role=\"note\" class=\"n2-ss-slide--focus\" tabindex=\"-1\">2018-09-11 Legefeld Firmengeb\u00e4ude mail Arc3+SV (3)<\/div><div class=\"n2-ss-layers-container n2-ss-slide-limiter n2-ow\"><div class=\"n2-ss-layer n2-ow n-uc-tCEihZzx8cRL\" data-sstype=\"slide\" data-pm=\"default\"><\/div><\/div><\/div><div class=\"n2-ss-showcase-overlay n2-ow\"><\/div><\/div><div data-slide-duration=\"0\" data-id=\"108\" data-slide-public-id=\"4\" aria-hidden=\"true\" data-title=\"RK2303_6II8191-1-760x380\" class=\"n2-ss-slide  n2-ss-slide-108 n2-ow\"><div class=\"n2-ss-slide-background\" data-public-id=\"4\" data-mode=\"fill\"><div class=\"n2-ss-slide-background-image\" data-blur=\"0\" data-opacity=\"100\" data-x=\"50\" data-y=\"50\" data-alt=\"\" data-title=\"\"><picture class=\"skip-lazy\" data-skip-lazy=\"1\"><img decoding=\"async\" src=\"\/\/www.saller-bau.com\/wp-content\/uploads\/2023\/12\/RK2303_6II8191-1-760x380-1.jpg\" alt=\"\" title=\"\" loading=\"lazy\" class=\"skip-lazy\" data-skip-lazy=\"1\"><\/picture><\/div><div data-color=\"RGBA(255,255,255,0)\" style=\"background-color: RGBA(255,255,255,0);\" class=\"n2-ss-slide-background-color\"><\/div><\/div><div class=\"n2-ss-slide-inner\"><div role=\"note\" class=\"n2-ss-slide--focus\" tabindex=\"-1\">RK2303_6II8191-1-760&#215;380<\/div><div class=\"n2-ss-layers-container n2-ss-slide-limiter n2-ow\"><div class=\"n2-ss-layer n2-ow n-uc-GdWIGTfto68N\" data-sstype=\"slide\" data-pm=\"default\"><\/div><\/div><\/div><div class=\"n2-ss-showcase-overlay n2-ow\"><\/div><\/div><div data-slide-duration=\"0\" data-id=\"99\" data-slide-public-id=\"5\" aria-hidden=\"true\" data-title=\"DSC03528\" class=\"n2-ss-slide  n2-ss-slide-99 n2-ow\"><div class=\"n2-ss-slide-background\" data-public-id=\"5\" data-mode=\"fill\"><div class=\"n2-ss-slide-background-image\" data-blur=\"0\" data-opacity=\"100\" data-x=\"50\" data-y=\"50\" data-alt=\"\" data-title=\"\"><picture class=\"skip-lazy\" data-skip-lazy=\"1\"><img decoding=\"async\" src=\"\/\/www.saller-bau.com\/wp-content\/uploads\/2024\/08\/DSC03528.jpg\" alt=\"\" title=\"\" loading=\"lazy\" class=\"skip-lazy\" data-skip-lazy=\"1\"><\/picture><\/div><div data-color=\"RGBA(255,255,255,0)\" style=\"background-color: RGBA(255,255,255,0);\" class=\"n2-ss-slide-background-color\"><\/div><\/div><div class=\"n2-ss-slide-inner\"><div role=\"note\" class=\"n2-ss-slide--focus\" tabindex=\"-1\">DSC03528<\/div><div class=\"n2-ss-layers-container n2-ss-slide-limiter n2-ow\"><div class=\"n2-ss-layer n2-ow n-uc-B4olb7xyEJiJ\" data-sstype=\"slide\" data-pm=\"default\"><\/div><\/div><\/div><div class=\"n2-ss-showcase-overlay n2-ow\"><\/div><\/div><div data-slide-duration=\"0\" data-id=\"109\" data-slide-public-id=\"6\" aria-hidden=\"true\" data-title=\"2023-08-09Auenfassade-Neu20\" class=\"n2-ss-slide  n2-ss-slide-109 n2-ow\"><div class=\"n2-ss-slide-background\" data-public-id=\"6\" data-mode=\"fill\"><div class=\"n2-ss-slide-background-image\" data-blur=\"0\" data-opacity=\"100\" data-x=\"50\" data-y=\"50\" data-alt=\"\" data-title=\"\"><picture class=\"skip-lazy\" data-skip-lazy=\"1\"><img decoding=\"async\" src=\"\/\/www.saller-bau.com\/wp-content\/uploads\/slider2\/2023-08-09Auenfassade-Neu20.jpeg\" alt=\"\" title=\"\" loading=\"lazy\" class=\"skip-lazy\" data-skip-lazy=\"1\"><\/picture><\/div><div data-color=\"RGBA(255,255,255,0)\" style=\"background-color: RGBA(255,255,255,0);\" class=\"n2-ss-slide-background-color\"><\/div><\/div><div class=\"n2-ss-slide-inner\"><div role=\"note\" class=\"n2-ss-slide--focus\" tabindex=\"-1\">2023-08-09Auenfassade-Neu20<\/div><div class=\"n2-ss-layers-container n2-ss-slide-limiter n2-ow\"><div class=\"n2-ss-layer n2-ow n-uc-6GBC8IJVC8aF\" data-sstype=\"slide\" data-pm=\"default\"><\/div><\/div><\/div><div class=\"n2-ss-showcase-overlay n2-ow\"><\/div><\/div><div data-slide-duration=\"0\" data-id=\"100\" data-slide-public-id=\"7\" aria-hidden=\"true\" data-title=\"2015-10-22-1Og-Kuh-01\" class=\"n2-ss-slide  n2-ss-slide-100 n2-ow\"><div class=\"n2-ss-slide-background\" data-public-id=\"7\" data-mode=\"fill\"><div class=\"n2-ss-slide-background-image\" data-blur=\"0\" data-opacity=\"100\" data-x=\"50\" data-y=\"50\" data-alt=\"\" data-title=\"\"><picture class=\"skip-lazy\" data-skip-lazy=\"1\"><img decoding=\"async\" src=\"\/\/www.saller-bau.com\/wp-content\/uploads\/2024\/08\/2015-10-22-1Og-Kuh-01.jpg\" alt=\"\" title=\"\" loading=\"lazy\" class=\"skip-lazy\" data-skip-lazy=\"1\"><\/picture><\/div><div data-color=\"RGBA(255,255,255,0)\" style=\"background-color: RGBA(255,255,255,0);\" class=\"n2-ss-slide-background-color\"><\/div><\/div><div class=\"n2-ss-slide-inner\"><div role=\"note\" class=\"n2-ss-slide--focus\" tabindex=\"-1\">2015-10-22-1Og-Kuh-01<\/div><div class=\"n2-ss-layers-container n2-ss-slide-limiter n2-ow\"><div class=\"n2-ss-layer n2-ow n-uc-hLPdBUkIqUQg\" data-sstype=\"slide\" data-pm=\"default\"><\/div><\/div><\/div><div class=\"n2-ss-showcase-overlay n2-ow\"><\/div><\/div><div data-slide-duration=\"0\" data-id=\"101\" data-slide-public-id=\"8\" aria-hidden=\"true\" data-title=\"2015-10-22-Eingang-au\u00dfen-01\" class=\"n2-ss-slide  n2-ss-slide-101 n2-ow\"><div class=\"n2-ss-slide-background\" data-public-id=\"8\" data-mode=\"fill\"><div class=\"n2-ss-slide-background-image\" data-blur=\"0\" data-opacity=\"100\" data-x=\"50\" data-y=\"50\" data-alt=\"\" data-title=\"\"><picture class=\"skip-lazy\" data-skip-lazy=\"1\"><img decoding=\"async\" src=\"\/\/www.saller-bau.com\/wp-content\/uploads\/2024\/08\/2015-10-22-Eingang-aussen-01.jpg\" alt=\"\" title=\"\" loading=\"lazy\" class=\"skip-lazy\" data-skip-lazy=\"1\"><\/picture><\/div><div data-color=\"RGBA(255,255,255,0)\" style=\"background-color: RGBA(255,255,255,0);\" class=\"n2-ss-slide-background-color\"><\/div><\/div><div class=\"n2-ss-slide-inner\"><div role=\"note\" class=\"n2-ss-slide--focus\" tabindex=\"-1\">2015-10-22-Eingang-au\u00dfen-01<\/div><div class=\"n2-ss-layers-container n2-ss-slide-limiter n2-ow\"><div class=\"n2-ss-layer n2-ow n-uc-gZCA4z6bJqpR\" data-sstype=\"slide\" data-pm=\"default\"><\/div><\/div><\/div><div class=\"n2-ss-showcase-overlay n2-ow\"><\/div><\/div><div data-slide-duration=\"0\" data-id=\"102\" data-slide-public-id=\"9\" aria-hidden=\"true\" data-title=\"2018-05_Firmenzentrale-Eingang-03\" class=\"n2-ss-slide  n2-ss-slide-102 n2-ow\"><div class=\"n2-ss-slide-background\" data-public-id=\"9\" data-mode=\"fill\"><div class=\"n2-ss-slide-background-image\" data-blur=\"0\" data-opacity=\"100\" data-x=\"50\" data-y=\"50\" data-alt=\"\" data-title=\"\"><picture class=\"skip-lazy\" data-skip-lazy=\"1\"><img decoding=\"async\" src=\"\/\/www.saller-bau.com\/wp-content\/uploads\/2024\/08\/2018-05_Firmenzentrale-Eingang-03.jpg\" alt=\"\" title=\"\" loading=\"lazy\" class=\"skip-lazy\" data-skip-lazy=\"1\"><\/picture><\/div><div data-color=\"RGBA(255,255,255,0)\" style=\"background-color: RGBA(255,255,255,0);\" class=\"n2-ss-slide-background-color\"><\/div><\/div><div class=\"n2-ss-slide-inner\"><div role=\"note\" class=\"n2-ss-slide--focus\" tabindex=\"-1\">2018-05_Firmenzentrale-Eingang-03<\/div><div class=\"n2-ss-layers-container n2-ss-slide-limiter n2-ow\"><div class=\"n2-ss-layer n2-ow n-uc-eyt9b41j4m2j\" data-sstype=\"slide\" data-pm=\"default\"><\/div><\/div><\/div><div class=\"n2-ss-showcase-overlay n2-ow\"><\/div><\/div><div data-slide-duration=\"0\" data-id=\"103\" data-slide-public-id=\"10\" aria-hidden=\"true\" data-title=\"2018-05_Firmenzentrale-Innen-02\" class=\"n2-ss-slide  n2-ss-slide-103 n2-ow\"><div class=\"n2-ss-slide-background\" data-public-id=\"10\" data-mode=\"fill\"><div class=\"n2-ss-slide-background-image\" data-blur=\"0\" data-opacity=\"100\" data-x=\"50\" data-y=\"50\" data-alt=\"\" data-title=\"\"><picture class=\"skip-lazy\" data-skip-lazy=\"1\"><img decoding=\"async\" src=\"\/\/www.saller-bau.com\/wp-content\/uploads\/2024\/08\/2018-05_Firmenzentrale-Innen-02.jpg\" alt=\"\" title=\"\" loading=\"lazy\" class=\"skip-lazy\" data-skip-lazy=\"1\"><\/picture><\/div><div data-color=\"RGBA(255,255,255,0)\" style=\"background-color: RGBA(255,255,255,0);\" class=\"n2-ss-slide-background-color\"><\/div><\/div><div class=\"n2-ss-slide-inner\"><div role=\"note\" class=\"n2-ss-slide--focus\" tabindex=\"-1\">2018-05_Firmenzentrale-Innen-02<\/div><div class=\"n2-ss-layers-container n2-ss-slide-limiter n2-ow\"><div class=\"n2-ss-layer n2-ow n-uc-QkfIQRgkVpXY\" data-sstype=\"slide\" data-pm=\"default\"><\/div><\/div><\/div><div class=\"n2-ss-showcase-overlay n2-ow\"><\/div><\/div><div data-slide-duration=\"0\" data-id=\"104\" data-slide-public-id=\"11\" aria-hidden=\"true\" data-title=\"2018-09-11 Legefeld Firmengeb\u00e4ude mail Arc3+SV (5)\" class=\"n2-ss-slide  n2-ss-slide-104 n2-ow\"><div class=\"n2-ss-slide-background\" data-public-id=\"11\" data-mode=\"fill\"><div class=\"n2-ss-slide-background-image\" data-blur=\"0\" data-opacity=\"100\" data-x=\"50\" data-y=\"50\" data-alt=\"\" data-title=\"\"><picture class=\"skip-lazy\" data-skip-lazy=\"1\"><img decoding=\"async\" src=\"\/\/www.saller-bau.com\/wp-content\/uploads\/2024\/08\/2018-09-11-Legefeld-Firmengebaeude-mail-Arc3SV-5.jpg\" alt=\"\" title=\"\" loading=\"lazy\" class=\"skip-lazy\" data-skip-lazy=\"1\"><\/picture><\/div><div data-color=\"RGBA(255,255,255,0)\" style=\"background-color: RGBA(255,255,255,0);\" class=\"n2-ss-slide-background-color\"><\/div><\/div><div class=\"n2-ss-slide-inner\"><div role=\"note\" class=\"n2-ss-slide--focus\" tabindex=\"-1\">2018-09-11 Legefeld Firmengeb\u00e4ude mail Arc3+SV (5)<\/div><div class=\"n2-ss-layers-container n2-ss-slide-limiter n2-ow\"><div class=\"n2-ss-layer n2-ow n-uc-PpizqJ08E0U8\" data-sstype=\"slide\" data-pm=\"default\"><\/div><\/div><\/div><div class=\"n2-ss-showcase-overlay n2-ow\"><\/div><\/div><div data-slide-duration=\"0\" data-id=\"105\" data-slide-public-id=\"12\" aria-hidden=\"true\" data-title=\"Zentrale\" class=\"n2-ss-slide  n2-ss-slide-105 n2-ow\"><div class=\"n2-ss-slide-background\" data-public-id=\"12\" data-mode=\"fill\"><div class=\"n2-ss-slide-background-image\" data-blur=\"0\" data-opacity=\"100\" data-x=\"50\" data-y=\"50\" data-alt=\"\" data-title=\"\"><picture class=\"skip-lazy\" data-skip-lazy=\"1\"><img decoding=\"async\" src=\"\/\/www.saller-bau.com\/wp-content\/uploads\/2024\/08\/Zentrale.jpg\" alt=\"\" title=\"\" loading=\"lazy\" class=\"skip-lazy\" data-skip-lazy=\"1\"><\/picture><\/div><div data-color=\"RGBA(255,255,255,0)\" style=\"background-color: RGBA(255,255,255,0);\" class=\"n2-ss-slide-background-color\"><\/div><\/div><div class=\"n2-ss-slide-inner\"><div role=\"note\" class=\"n2-ss-slide--focus\" tabindex=\"-1\">Zentrale<\/div><div class=\"n2-ss-layers-container n2-ss-slide-limiter n2-ow\"><div class=\"n2-ss-layer n2-ow n-uc-vwqT7xeefStt\" data-sstype=\"slide\" data-pm=\"default\"><\/div><\/div><\/div><div class=\"n2-ss-showcase-overlay n2-ow\"><\/div><\/div><\/div>\n                <\/div>\n                            <\/div>\n        <\/div>\n        <\/div><ss3-loader><\/ss3-loader><\/div><\/div><div class=\"n2_clear\"><\/div><\/div><\/ss3-force-full-width><\/div>\n\n\n<div style=\"height:20px\" aria-hidden=\"true\" class=\"wp-block-spacer\"><\/div>\n\n\n\n<p><\/p>\n","protected":false},"excerpt":{"rendered":"V\u00e1\u0161e\u0148 pre nehnute\u013enosti Na\u0161a strat\u00e9gia: staviame budovy pre \u013eud\u00ed. Chceme, aby sa z\u00e1kazn\u00edkom na\u0161e budovy p\u00e1\u010dili. Chceme, aby budovy sl\u00fa\u017eili \u013eu\u010fom. Nechceme pou\u017e\u00edva\u0165 ekol\u00f3giu len ako fr\u00e1zu, ale stoj\u00edme si za \u0148ou. Ekol\u00f3gia m\u00e1 zmysel, je na\u0161ou etickou povinnos\u0165ou vies\u0165 svet k lep\u0161ej kvalite \u017eivota prostredn\u00edctvom praktick\u00fdch, atrakt\u00edvnych a objekt\u00edvne kr\u00e1snych dojmov a mo\u017eno prinies\u0165 [&#8230;]<p><a class=\"btn btn-secondary understrap-read-more-link\" href=\"https:\/\/www.saller-bau.com\/sk\/\">\u010c\u00edta\u0165 viac&#8230;<span class=\"screen-reader-text\"> from Domovsk\u00e1 str\u00e1nka<\/span><\/a><\/p>","protected":false},"author":1,"featured_media":0,"parent":0,"menu_order":0,"comment_status":"closed","ping_status":"closed","template":"","meta":{"_acf_changed":false,"_eb_attr":"","inline_featured_image":false,"postBodyCss":"","postBodyMargin":[],"postBodyPadding":[],"postBodyBackground":{"backgroundType":"classic","gradient":""},"footnotes":""},"class_list":["post-156","page","type-page","status-publish","hentry"],"featured_image_src":null,"acf":[],"yoast_head":"<!-- This site is optimized with the Yoast SEO plugin v27.5 - https:\/\/yoast.com\/product\/yoast-seo-wordpress\/ -->\n<title>Domovsk\u00e1 str\u00e1nka - Saller<\/title>\n<meta name=\"robots\" content=\"index, follow, max-snippet:-1, max-image-preview:large, max-video-preview:-1\" \/>\n<link rel=\"canonical\" href=\"https:\/\/www.saller-bau.com\/sk\/\" \/>\n<meta property=\"og:locale\" content=\"sk_SK\" \/>\n<meta property=\"og:type\" content=\"article\" \/>\n<meta property=\"og:title\" content=\"Domovsk\u00e1 str\u00e1nka - Saller\" \/>\n<meta property=\"og:description\" content=\"V\u00e1\u0161e\u0148 pre nehnute\u013enosti Na\u0161a strat\u00e9gia: staviame budovy pre \u013eud\u00ed. Chceme, aby sa z\u00e1kazn\u00edkom na\u0161e budovy p\u00e1\u010dili. Chceme, aby budovy sl\u00fa\u017eili \u013eu\u010fom. Nechceme pou\u017e\u00edva\u0165 ekol\u00f3giu len ako fr\u00e1zu, ale stoj\u00edme si za \u0148ou. Ekol\u00f3gia m\u00e1 zmysel, je na\u0161ou etickou povinnos\u0165ou vies\u0165 svet k lep\u0161ej kvalite \u017eivota prostredn\u00edctvom praktick\u00fdch, atrakt\u00edvnych a objekt\u00edvne kr\u00e1snych dojmov a mo\u017eno prinies\u0165 [...]\u010c\u00edta\u0165 viac... from Domovsk\u00e1 str\u00e1nka\" \/>\n<meta property=\"og:url\" content=\"https:\/\/www.saller-bau.com\/sk\/\" \/>\n<meta property=\"og:site_name\" content=\"Saller\" \/>\n<meta property=\"article:modified_time\" content=\"2025-07-02T07:10:51+00:00\" \/>\n<meta name=\"twitter:card\" content=\"summary_large_image\" \/>\n<meta name=\"twitter:label1\" content=\"Predpokladan\u00fd \u010das \u010d\u00edtania\" \/>\n\t<meta name=\"twitter:data1\" content=\"1 min\u00fata\" \/>\n<script type=\"application\/ld+json\" class=\"yoast-schema-graph\">{\"@context\":\"https:\\\/\\\/schema.org\",\"@graph\":[{\"@type\":\"WebPage\",\"@id\":\"https:\\\/\\\/www.saller-bau.com\\\/sk\\\/\",\"url\":\"https:\\\/\\\/www.saller-bau.com\\\/sk\\\/\",\"name\":\"Domovsk\u00e1 str\u00e1nka - Saller\",\"isPartOf\":{\"@id\":\"https:\\\/\\\/www.saller-bau.com\\\/sk\\\/#website\"},\"datePublished\":\"2023-11-07T18:22:12+00:00\",\"dateModified\":\"2025-07-02T07:10:51+00:00\",\"breadcrumb\":{\"@id\":\"https:\\\/\\\/www.saller-bau.com\\\/sk\\\/#breadcrumb\"},\"inLanguage\":\"sk-SK\",\"potentialAction\":[{\"@type\":\"ReadAction\",\"target\":[\"https:\\\/\\\/www.saller-bau.com\\\/sk\\\/\"]}]},{\"@type\":\"BreadcrumbList\",\"@id\":\"https:\\\/\\\/www.saller-bau.com\\\/sk\\\/#breadcrumb\",\"itemListElement\":[{\"@type\":\"ListItem\",\"position\":1,\"name\":\"Startseite\",\"item\":\"https:\\\/\\\/www.saller-bau.com\\\/sk\\\/\"},{\"@type\":\"ListItem\",\"position\":2,\"name\":\"Domovsk\u00e1 str\u00e1nka\"}]},{\"@type\":\"WebSite\",\"@id\":\"https:\\\/\\\/www.saller-bau.com\\\/sk\\\/#website\",\"url\":\"https:\\\/\\\/www.saller-bau.com\\\/sk\\\/\",\"name\":\"Saller\",\"description\":\"\",\"publisher\":{\"@id\":\"https:\\\/\\\/www.saller-bau.com\\\/sk\\\/#organization\"},\"potentialAction\":[{\"@type\":\"SearchAction\",\"target\":{\"@type\":\"EntryPoint\",\"urlTemplate\":\"https:\\\/\\\/www.saller-bau.com\\\/sk\\\/?s={search_term_string}\"},\"query-input\":{\"@type\":\"PropertyValueSpecification\",\"valueRequired\":true,\"valueName\":\"search_term_string\"}}],\"inLanguage\":\"sk-SK\"},{\"@type\":\"Organization\",\"@id\":\"https:\\\/\\\/www.saller-bau.com\\\/sk\\\/#organization\",\"name\":\"Saller Unternehmensgruppe\",\"url\":\"https:\\\/\\\/www.saller-bau.com\\\/sk\\\/\",\"logo\":{\"@type\":\"ImageObject\",\"inLanguage\":\"sk-SK\",\"@id\":\"https:\\\/\\\/www.saller-bau.com\\\/sk\\\/#\\\/schema\\\/logo\\\/image\\\/\",\"url\":\"https:\\\/\\\/www.saller-bau.com\\\/wp-content\\\/uploads\\\/2025\\\/03\\\/Saller-ohne-Group_Immob-aus-Leidenschaft_Spruch-gross-01.png\",\"contentUrl\":\"https:\\\/\\\/www.saller-bau.com\\\/wp-content\\\/uploads\\\/2025\\\/03\\\/Saller-ohne-Group_Immob-aus-Leidenschaft_Spruch-gross-01.png\",\"width\":1308,\"height\":270,\"caption\":\"Saller Unternehmensgruppe\"},\"image\":{\"@id\":\"https:\\\/\\\/www.saller-bau.com\\\/sk\\\/#\\\/schema\\\/logo\\\/image\\\/\"},\"sameAs\":[\"https:\\\/\\\/www.linkedin.com\\\/in\\\/sallergroup\\\/\"]}]}<\/script>\n<!-- \/ Yoast SEO plugin. -->","yoast_head_json":{"title":"Domovsk\u00e1 str\u00e1nka - Saller","robots":{"index":"index","follow":"follow","max-snippet":"max-snippet:-1","max-image-preview":"max-image-preview:large","max-video-preview":"max-video-preview:-1"},"canonical":"https:\/\/www.saller-bau.com\/sk\/","og_locale":"sk_SK","og_type":"article","og_title":"Domovsk\u00e1 str\u00e1nka - Saller","og_description":"V\u00e1\u0161e\u0148 pre nehnute\u013enosti Na\u0161a strat\u00e9gia: staviame budovy pre \u013eud\u00ed. Chceme, aby sa z\u00e1kazn\u00edkom na\u0161e budovy p\u00e1\u010dili. Chceme, aby budovy sl\u00fa\u017eili \u013eu\u010fom. Nechceme pou\u017e\u00edva\u0165 ekol\u00f3giu len ako fr\u00e1zu, ale stoj\u00edme si za \u0148ou. Ekol\u00f3gia m\u00e1 zmysel, je na\u0161ou etickou povinnos\u0165ou vies\u0165 svet k lep\u0161ej kvalite \u017eivota prostredn\u00edctvom praktick\u00fdch, atrakt\u00edvnych a objekt\u00edvne kr\u00e1snych dojmov a mo\u017eno prinies\u0165 [...]\u010c\u00edta\u0165 viac... from Domovsk\u00e1 str\u00e1nka","og_url":"https:\/\/www.saller-bau.com\/sk\/","og_site_name":"Saller","article_modified_time":"2025-07-02T07:10:51+00:00","twitter_card":"summary_large_image","twitter_misc":{"Predpokladan\u00fd \u010das \u010d\u00edtania":"1 min\u00fata"},"schema":{"@context":"https:\/\/schema.org","@graph":[{"@type":"WebPage","@id":"https:\/\/www.saller-bau.com\/sk\/","url":"https:\/\/www.saller-bau.com\/sk\/","name":"Domovsk\u00e1 str\u00e1nka - Saller","isPartOf":{"@id":"https:\/\/www.saller-bau.com\/sk\/#website"},"datePublished":"2023-11-07T18:22:12+00:00","dateModified":"2025-07-02T07:10:51+00:00","breadcrumb":{"@id":"https:\/\/www.saller-bau.com\/sk\/#breadcrumb"},"inLanguage":"sk-SK","potentialAction":[{"@type":"ReadAction","target":["https:\/\/www.saller-bau.com\/sk\/"]}]},{"@type":"BreadcrumbList","@id":"https:\/\/www.saller-bau.com\/sk\/#breadcrumb","itemListElement":[{"@type":"ListItem","position":1,"name":"Startseite","item":"https:\/\/www.saller-bau.com\/sk\/"},{"@type":"ListItem","position":2,"name":"Domovsk\u00e1 str\u00e1nka"}]},{"@type":"WebSite","@id":"https:\/\/www.saller-bau.com\/sk\/#website","url":"https:\/\/www.saller-bau.com\/sk\/","name":"Saller","description":"","publisher":{"@id":"https:\/\/www.saller-bau.com\/sk\/#organization"},"potentialAction":[{"@type":"SearchAction","target":{"@type":"EntryPoint","urlTemplate":"https:\/\/www.saller-bau.com\/sk\/?s={search_term_string}"},"query-input":{"@type":"PropertyValueSpecification","valueRequired":true,"valueName":"search_term_string"}}],"inLanguage":"sk-SK"},{"@type":"Organization","@id":"https:\/\/www.saller-bau.com\/sk\/#organization","name":"Saller Unternehmensgruppe","url":"https:\/\/www.saller-bau.com\/sk\/","logo":{"@type":"ImageObject","inLanguage":"sk-SK","@id":"https:\/\/www.saller-bau.com\/sk\/#\/schema\/logo\/image\/","url":"https:\/\/www.saller-bau.com\/wp-content\/uploads\/2025\/03\/Saller-ohne-Group_Immob-aus-Leidenschaft_Spruch-gross-01.png","contentUrl":"https:\/\/www.saller-bau.com\/wp-content\/uploads\/2025\/03\/Saller-ohne-Group_Immob-aus-Leidenschaft_Spruch-gross-01.png","width":1308,"height":270,"caption":"Saller Unternehmensgruppe"},"image":{"@id":"https:\/\/www.saller-bau.com\/sk\/#\/schema\/logo\/image\/"},"sameAs":["https:\/\/www.linkedin.com\/in\/sallergroup\/"]}]}},"_links":{"self":[{"href":"https:\/\/www.saller-bau.com\/sk\/wp-json\/wp\/v2\/pages\/156","targetHints":{"allow":["GET"]}}],"collection":[{"href":"https:\/\/www.saller-bau.com\/sk\/wp-json\/wp\/v2\/pages"}],"about":[{"href":"https:\/\/www.saller-bau.com\/sk\/wp-json\/wp\/v2\/types\/page"}],"author":[{"embeddable":true,"href":"https:\/\/www.saller-bau.com\/sk\/wp-json\/wp\/v2\/users\/1"}],"replies":[{"embeddable":true,"href":"https:\/\/www.saller-bau.com\/sk\/wp-json\/wp\/v2\/comments?post=156"}],"version-history":[{"count":22,"href":"https:\/\/www.saller-bau.com\/sk\/wp-json\/wp\/v2\/pages\/156\/revisions"}],"predecessor-version":[{"id":3944,"href":"https:\/\/www.saller-bau.com\/sk\/wp-json\/wp\/v2\/pages\/156\/revisions\/3944"}],"wp:attachment":[{"href":"https:\/\/www.saller-bau.com\/sk\/wp-json\/wp\/v2\/media?parent=156"}],"curies":[{"name":"wp","href":"https:\/\/api.w.org\/{rel}","templated":true}]}}