{"id":292,"date":"2023-10-08T00:57:19","date_gmt":"2023-10-07T22:57:19","guid":{"rendered":"https:\/\/dev.saller-bau.com\/?page_id=292"},"modified":"2025-04-02T13:51:36","modified_gmt":"2025-04-02T11:51:36","slug":"polityka-prywatnosci","status":"publish","type":"page","link":"https:\/\/www.saller-bau.com\/pl\/polityka-prywatnosci\/","title":{"rendered":"Polityka prywatno\u015bci"},"content":{"rendered":"\n<span class=\"borlabs-cookie-open-dialog-preferences brlbs-cmpnt-container\" data-borlabs-cookie-title=\"ustawienia prywatno\u015bci\" data-borlabs-cookie-type=\"button\" ><\/span>\n\n\n\n<h4 class=\"wp-block-heading\">1. Sprawy og\u00f3lne<\/h4>\n\n\n\n<p>Sp\u00f3\u0142ka Saller Dienstleistungs GmbH, In der Buttergrube 9, 99428 Weimar-Legefeld, Niemcy, (s\u0105d rejestrowy Jena, HRB 516291) przetwarza jako administrator Pa\u0144stwa dane osobowe w zwi\u0105zku z korzystaniem ze strony internetowej www.saller-bau.com. Z najwy\u017csz\u0105 trosk\u0105 chronimy Pa\u0144stwa dane osobowe. Dlatego te\u017c przetwarzamy Pa\u0144stwa dane osobowe wy\u0142\u0105cznie na podstawie prawnej, kt\u00f3r\u0105 stanowi\u0105: BDSG \u2013 federalna ustawa o ochronie danych, TMG \u2013 ustawa o mediach telekomunikacyjnych; EU DSGVO \u2013 rozporz\u0105dzenia UE o ochronie danych. W niniejszej informacji o ochronie danych informujemy Pa\u0144stwa o najwa\u017cniejszych aspektach przetwarzania danych w ramach naszej strony internetowej.<\/p>\n\n\n\n<p>Dane osobowe stanowi\u0105 wszelkie informacje, dotycz\u0105ce zidentyfikowanej lub mo\u017cliwej do identyfikacji pojedynczej osoby.<\/p>\n\n\n\n<p>Grupa Saller pozyskuje od Pa\u0144stwa jako u\u017cytkownik\u00f3w strony internetowej dane osobowe, aby z jednej strony udost\u0119pni\u0107 Pa\u0144stwu tre\u015bci na stronie internetowej oraz, z drugiej strony, aby umo\u017cliwi\u0107 podj\u0119cie kontaktu w og\u00f3lnych sprawach w celach aplikowania w naszym przedsi\u0119biorstwie. W zwi\u0105zku z aplikacjami prosimy Pa\u0144stwa, aby przesy\u0142a\u0107 je nam tylko przez nasz portal aplikacyjny, a nie przez formularz kontaktowy lub inne adresy e-mail, poniewa\u017c w przeciwnym wypadku musia\u0142aby nast\u0105pi\u0107 trwa\u0142a archiwizacja w zwi\u0105zku przepisami prawa podatkowego i handlowego dotycz\u0105cymi przechowywania. W tym ostatnim przypadku usuni\u0119cie przez nas przekazanych nam danych mo\u017cliwe jest dopiero po up\u0142ywie terminu ich przechowywania.<\/p>\n\n\n\n<p>Celem niniejszych wytycznych o ochronie danych (\u201eWytyczne o ochronie danych\u201c) jest informowanie Pa\u0144stwa o nast\u0119puj\u0105cych kwestiach,<\/p>\n\n\n\n<p>(I) jak pozyskujemy i przetwarzamy Pa\u0144stwa dane osobowe, kt\u00f3re nam Pa\u0144stwo przekazujecie lub ujawniacie, lub kt\u00f3re s\u0105 pozyskiwane poprzez wej\u015bcie lub skorzystanie z naszej strony internetowej, oraz<\/p>\n\n\n\n<p>(II) jakie macie Pa\u0144stwo prawa, jak mo\u017cecie z nich korzysta\u0107 i jak mo\u017cemy wesprze\u0107 Pa\u0144stwa przy korzystaniu z Waszych praw.<\/p>\n\n\n\n<p>Prosimy Pa\u0144stwa o dok\u0142adne przeczytanie niniejszych Wytycznych o ochronie danych. Je\u015bli nie zgadzacie si\u0119 Pa\u0144stwo na wykorzystanie Pa\u0144stwa danych osobowych zgodnie z opisem przedstawionym w niniejszych Wytycznych o ochronie danych, prosimy nie udost\u0119pnia\u0107 nam Pa\u0144stwa danych osobowych. W takim wypadku istnieje mo\u017cliwo\u015b\u0107, \u017ce nie b\u0119dziecie Pa\u0144stwo mogli korzysta\u0107 z wszystkich funkcji strony internetowej.<\/p>\n\n\n\n<h4 class=\"wp-block-heading\">2. Jednostka odpowiedzialna<\/h4>\n\n\n\n<p>Jednostk\u0105 odpowiedzialn\u0105 za przetwarzanie Pa\u0144stwa danych osobowych na naszych stronach internetowych jest:<\/p>\n\n\n\n<p>&nbsp;Saller Dienstleistungs GmbH<\/p>\n\n\n\n<p>In der Buttergrube 9, 99428 Weimar-Legefeld, Niemcy<\/p>\n\n\n\n<p>Tel.: +49 (0) 36 43 \/ 86 74 900<br>Fax: +49 (0) 36 43 \/ 86 74 198<br>E-Mail: info@saller-bau.com<\/p>\n\n\n\n<p>Strona Internetowa: www.saller-bau.com<\/p>\n\n\n\n<h4 class=\"wp-block-heading\">3. Cel przetwarzania<\/h4>\n\n\n\n<p>Zasadniczo mo\u017cecie Pa\u0144stwo korzysta\u0107 z naszej strony internetowej bez wprowadzania Pa\u0144stwa danych osobowych. Je\u015bli pozyskujemy Pa\u0144stwa dane osobowe na naszej stronie internetowej, dzieje si\u0119 to w nast\u0119puj\u0105cych celach:<br>1.techniczne udost\u0119pnianie strony internetowej i kontrola jej funkcjonowania<br>2.nawi\u0105zanie kontaktu przez formularz kontaktowy<br>3.w celach aplikacyjnych<\/p>\n\n\n\n<p>Pozyskujemy Pa\u0144stwa dane osobowe na naszej stronie internetowej w nast\u0119puj\u0105cy spos\u00f3b:<\/p>\n\n\n\n<p>1.Nazwi\u0105zanie kontaktu<\/p>\n\n\n\n<p>Je\u015bli korzystacie Pa\u0144stwo z formularza kontaktowego na naszej stronie internetowej lub z kontaktu mailowego z nami, Pa\u0144stwa dane osobowe (jak dane adresowe, dane kontaktowe, np. adres e-mail, numer telefonu) s\u0105, w celu opracowania w naszym przedsi\u0119biorstwie Pa\u0144stwa zapytania lub ewentualnego nawi\u0105zania kontaktu z Pa\u0144stwem, zachowywane przez nas przez okres sze\u015bciu miesi\u0119cy. Podanie tych danych jest dobrowolne i odbywa si\u0119 za Pa\u0144stwa zgod\u0105. Danych tych nie przekazujemy bez zezwolenia osobom trzecim.<\/p>\n\n\n\n<p>Logfiles<\/p>\n\n\n\n<p>Za ka\u017cdym razem, gdy otwieracie Pa\u0144stwo nasz\u0105 stron\u0119 internetow\u0105, Pa\u0144stwa przegl\u0105darka automatycznie wysy\u0142a na serwer strony internetowej okre\u015blone informacje, aby umo\u017cliwi\u0107 komunikacj\u0119 mi\u0119dzy Pa\u0144stwa przegl\u0105dark\u0105 a serwerem. Informacje te s\u0105 zachowywane w tak zwanym pliku Logfile. Na przyk\u0142ad s\u0105 to informacje o<\/p>\n\n\n\n<p>\u2013 typie i wersji przegl\u0105darki u\u017cywanych przez Pa\u0144stwa,<br>\u2013 u\u017cywanym przez Pa\u0144staa systemie operacyjnym,<br>\u2013 stronie internetowej, z kt\u00f3rej przeszli\u015bcie Pa\u0144stwo na aktualnej strony,<br>\u2013 nazwie (adres IP) Pa\u0144stwa komputera oraz<br>\u2013 godzinie, o kt\u00f3rej otwarto strn\u0119.<\/p>\n\n\n\n<p>Z zastrze\u017ceniem ewentualnych ustawowych obowi\u0105zk\u00f3w dotycz\u0105cych przechowywania, usuwamy lub anonimizujemy Pa\u0144stwa adres IP po opuszczeniu strony internetowej, o ile z niniejszego o\u015bwiadczenia o ochronie danych nie wynika inaczej i gdy jest to prawnie dopuszczalne.<\/p>\n\n\n\n<p>Poza tym wykorzystujemy informacje przekazane przez Pa\u0144stwa przegl\u0105dark\u0119 do naszego serwera w formie zanonimizowanej \u2013 czyli bez mo\u017cliwo\u015bci Pa\u0144stwa identyfikacji \u2013 w celu analizy i polepszenia naszych us\u0142ug. W ten spos\u00f3b mo\u017cemy na przyk\u0142ad dostrzec mo\u017cliwe b\u0142\u0119dy lub ustali\u0107, w jakich dniach i w jakim czasie nasze strony internetowe s\u0105 u\u017cytkowane szczeg\u00f3lnie intensywnie.<\/p>\n\n\n\n<p>Aplikacje<\/p>\n\n\n\n<p>Macie Pa\u0144stwo mo\u017cliwo\u015b\u0107 korzystania przez stron\u0119 www.saller-bau.com z naszego portalu aplikacyjnego i przesy\u0142ania nam t\u0105 drog\u0105 aplikacji na aktualne oferty pracy. Wraz ze z\u0142o\u017ceniem Pa\u0144stwa dokumentacji aplikacyjnej, zar\u00f3wno przez portal aplikacyjny jak i drog\u0105 mailow\u0105 lub pocztow\u0105, osoba aplikuj\u0105ca o\u015bwiadcza zgodnie z rozporz\u0105dzeniem o ochronie danych, \u017ce zgadza si\u0119 na przetwarzanie danych osobowych w celach kwalifikacyjnych. Poza tym zgadzacie si\u0119 Pa\u0144stwo, aby\u015bmy korzystali z podanych przez Pa\u0144stwa kana\u0142\u00f3w komunikacyjnych (na przyk\u0142ad e-mail, telefon, itd.), aby nawi\u0105za\u0107 z Pa\u0144stwem kontakt lub odpowiedzie\u0107 na Pa\u0144stwa zapytania.<\/p>\n\n\n\n<p>Pa\u0144stwa o\u015bwiadczenie o zgodzie mo\u017cecie Pa\u0144stwo odwo\u0142a\u0107 w przysz\u0142o\u015bci w ka\u017cdym czasie.<\/p>\n\n\n\n<p>W ramach procedury aplikacyjnej Pa\u0144stwa dokumentacja jest przechowywana maksymalnie 6 miesi\u0119cy.<\/p>\n\n\n\n<h4 class=\"wp-block-heading\">4. Linki do innych stron internetowych<\/h4>\n\n\n\n<p>W pewnych okoliczno\u015bciach oferujemy odno\u015bniki w formie hiperlinku, kt\u00f3re prowadz\u0105 z naszej strony internetowej do zewn\u0119trznych stron internetowych lub \u017ar\u00f3de\u0142 w internecie. Odno\u015bnie zewn\u0119trznych stron internetowych obowi\u0105zuj\u0105 z regu\u0142y postanowienia dotycz\u0105ce ochrony danych danego operatora tych\u017ce stron. Dlatego te\u017c prosimy Pa\u0144stwa, aby na pocz\u0105tku korzystania z danej strony internetowej, na kt\u00f3rej znale\u017ali\u015bcie si\u0119 Pa\u0144stwo przez link, zwr\u00f3ci\u0107 uwag\u0119 na odno\u015bne postanowienia o ochronie danych. Poza tym nie kontrolujemy tre\u015bci zewn\u0119trznych stron internetowych, ani \u017ar\u00f3de\u0142 internetowych. Za ewentualne sprzeczne z prawem praktyki w zakresie ochrony danych na stronach internetowych os\u00f3b trzecich odpowiadaj\u0105 prawnie te osoby trzecie. Prosimy o uwa\u017cne przeczytanie odpowiednich wytycznych o ochronie danych, aby uzyska\u0107 informacje o pozyskiwaniu i przetwarzaniu Pa\u0144stwa danych osobowych.<\/p>\n\n\n\n<h4 class=\"wp-block-heading\">5. Przetwarzanie danych wewn\u0105trz i poza naszym przedsi\u0119biorstwem<\/h4>\n\n\n\n<p>Korzystamy z us\u0142ug zewn\u0119trznych us\u0142ugodawc\u00f3w wspieraj\u0105cych nas przy \u015bwiadczeniu naszych us\u0142ug teleinformatycznych, np. w celu hostingu. Zewn\u0119trzni us\u0142ugodawcy podlegaj\u0105 w ka\u017cdym przypadku zasadom bezpiecze\u0144stwa i poufno\u015bci zawartych niniejszych Wytycznych o ochronie danych oraz przepisom obowi\u0105zuj\u0105cego prawa. Poprzez podj\u0119cie stosownych umownych oraz faktycznych dzia\u0142a\u0144, jak na przyk\u0142ad zawarcie um\u00f3w o przechowywaniu danych pozyskanych ze zlece\u0144 lub unijnych um\u00f3w standardowych zapewniamy, \u017ce Pa\u0144stwa dane osobowe s\u0105 przetwarzane zgodnie z zasadami ochrony danych.<\/p>\n\n\n\n<h4 class=\"wp-block-heading\">6. Cookies<\/h4>\n\n\n\n<p>Nasza strona korzysta z tak zwanych ciasteczek \u2013 cookies. Cookies mog\u0105 by\u0107 te\u017c zwi\u0105zane z oferentami trzecimi, jak np. Google Maps, i s\u0142u\u017c\u0105 do polepszenia sposobu u\u017cytkowania, efektywno\u015bci i bezpiecze\u0144stwa oferty danego oferenta. Cookies stanowi\u0105 ma\u0142e pliki tekstowe, kt\u00f3re s\u0105 odk\u0142adane na Pa\u0144stwa komputerze i zachowywane przez Pa\u0144stwa przegl\u0105dark\u0119.<\/p>\n\n\n\n<p>Najcz\u0119\u015bciej stosowane przez nas cookies to tzw. \u201esession-cookies\u201c. S\u0105 one automatycznie kasowane po zako\u0144czeniu Pa\u0144stwa odwiedzin na stronie. Inne cookies zostaj\u0105 zachowane na Pa\u0144stwa urz\u0105dzeniu ko\u0144cowym do momentu a\u017c je Pa\u0144stwo skasujecie. Te cookies umo\u017cliwiaj\u0105 nam rozpozna\u0107 Pa\u0144stwa przegl\u0105dark\u0119 przy nast\u0119pnym wej\u015bciu na stron\u0119.<\/p>\n\n\n\n<p>Je\u015bli sobie tego Pa\u0144stwo nie \u017cyczycie, mo\u017cecie tak ustawi\u0107 swoj\u0105 przegl\u0105dark\u0119, aby\u015bcie byli informowani o korzystaniu z cookies i zezwalali na to tylko w pojedynczych przypadkach, wykluczyli przyjmowanie cookies w okre\u015blonych przypadkach lub ca\u0142kowicie oraz aktywowali automatyczne usuwanie cookies po zamkni\u0119ciu przegl\u0105darki.<\/p>\n\n\n\n<h4 class=\"wp-block-heading\">7. Newsletter<\/h4>\n\n\n\n<p>Macie Pa\u0144stwo mo\u017cliwo\u015b\u0107 zam\u00f3wienia abonamentu na nasz newsletter przez nasz\u0105 stron\u0119 internetow\u0105. W tym celu potrzebujemy Pa\u0144stwa adresu E-Mail oraz Pa\u0144stwa o\u015bwiadczenia, \u017ce zgadzacie si\u0119 na otrzymywanie newslettera.<\/p>\n\n\n\n<p>Jak tylko zg\u0142osicie si\u0119 Pa\u0144stwo na newsletter, przesy\u0142amy Pa\u0144stwu e-mail potwierdzaj\u0105cy z linkiem do potwierdzenia zg\u0142oszenia.<\/p>\n\n\n\n<p>Abonament newslettera mo\u017cna w ka\u017cdym czasie anulowa\u0107. Anulacj\u0119 nale\u017cy wys\u0142a\u0107 na adres: marketing@saller-bau.com Po jej wp\u0142yni\u0119ciu niezw\u0142ocznie usuniemy Pa\u0144stwa dane zwi\u0105zane z wysy\u0142k\u0105 newslettera.<\/p>\n\n\n\n<h4 class=\"wp-block-heading\">8. Analiza internetowa<\/h4>\n\n\n\n<p>Nasza strona internetowa korzysta z funkcji serwisu analizy internetowej Google LLC (\u201eGoogle\u201c), Gordon House, Barrow Street, Dublin 4, Ireland. W tym celu wykorzystywane s\u0105 cookies, kt\u00f3re umo\u017cliwiaj\u0105 analiz\u0119 korzystania ze strony internetowej przez jej u\u017cytkownik\u00f3w. Uzyskane w ramach tej analizy informacje s\u0105 przenoszone na serwer oferenta i tam zachowywane.<\/p>\n\n\n\n<p>Mo\u017cecie Pa\u0144stwo temu zapobiec ustawiaj\u0105c przegl\u0105dark\u0119 w taki spos\u00f3b, aby nie zachowywa\u0107 \u017cadnych cookies.<\/p>\n\n\n\n<p>Korzystanie z \u201eGoogle Analytics\u201c oraz z informacji pozyskanych przez \u201eGoogle Analytics\u201c odbywa si\u0119 zgodnie z warunkami u\u017cytkowania Google<\/p>\n\n\n\n<p><a href=\"https:\/\/policies.google.com\/?hl=de\">https:\/\/policies.google.com\/?hl=de<\/a><\/p>\n\n\n\n<h4 class=\"wp-block-heading\">9. Google-Maps<\/h4>\n\n\n\n<p>Na naszej stronie umieszczamy elementy \u201eGoogle Maps\u201c serwisu Google LLC, Gordon House, Barrow Street, Dublin 4, Ireland, zwanego poni\u017cej \u201eGoogle\u201c.<\/p>\n\n\n\n<p>Przy ka\u017cdym otwarciu elementu \u201eGoogle Maps\u201c Google stosuje cookie, aby przy pokazaniu strony, na kt\u00f3rej widnieje element \u201eGoogle Maps\u201c, przetwarza\u0107 ustawienia oraz dane u\u017cytkownika. Ten Cookie nie jest z regu\u0142y usuwany przez zamkni\u0119cie przegl\u0105darki, lecz po okre\u015blonym czasie, o ile wcze\u015bniej nie zostanie skasowany przez Pa\u0144stwa r\u0119cznie.<\/p>\n\n\n\n<p>Je\u015bli nie zgadzacie si\u0119 Pa\u0144stwo z takim przetwarzaniem Pa\u0144stwa danych, to istnieje mo\u017cliwo\u015b\u0107 deaktywacji serwisu \u201eGoogle Maps\u201c i zapobie\u017cenia w ten spos\u00f3b przenoszeniu Pa\u0144stwa danych do Google. W tym celu musicie Pa\u0144stwo wy\u0142\u0105czy\u0107 w Pa\u0144stwa przegl\u0105darce funkcj\u0119 Java-Script. Zwracamy jednak\u017ce Pa\u0144stwa uwag\u0119 na fakt, \u017ce w takim wypadku nie mo\u017cecie Pa\u0144stwo korzysta\u0107 z \u201eGoogle Maps\u201c lub mo\u017cecie korzysta\u0107 tylko w ograniczonym zakresie.<\/p>\n\n\n\n<p>Korzystanie z \u201eGoogle Maps\u201c oraz z informacji pozyskanych przez \u201eGoogle Maps\u201c odbywa si\u0119 zgodnie z warunkami u\u017cytkowania Google<\/p>\n\n\n\n<p><a href=\"https:\/\/policies.google.com\/terms?hl=de&amp;gl=de\">https:\/\/policies.google.com\/terms?hl=de&amp;gl=de<\/a><\/p>\n\n\n\n<p>oraz zgodnie z dodatkowymi warunkami handlowymi \u201eGoogle Maps\u201c<\/p>\n\n\n\n<h4 class=\"wp-block-heading\">10. Okres przechowywania danych<\/h4>\n\n\n\n<p>Prosimy zwr\u00f3ci\u0107 uwag\u0119 na fakt, \u017ce b\u0119dziemy automatycznie usuwa\u0107 Pa\u0144stwa dane osobowe lub blokowa\u0107 ich dalsze wykorzystanie, je\u015bli cel ich przetwarzania zosta\u0142 zrealizowany.<\/p>\n\n\n\n<h4 class=\"wp-block-heading\">11. Odwo\u0142anie, zmiana<\/h4>\n\n\n\n<p>U\u017cytkownik ma prawo, po z\u0142o\u017ceniu wniosku, uzyska\u0107 bezp\u0142atn\u0105 informacj\u0119 o przechowywanych jego danych osobowych. Ponadto u\u017cytkownik ma prawdo do sprostowania nieprawdziwych danych oraz do zablokowania i usuni\u0119cia swoich danych osobowych, o ile nie stoj\u0105 temu na przeszkodzie ustawowe obowi\u0105zki przechowywania danych.<\/p>\n\n\n\n<h4 class=\"wp-block-heading\">12. Sprostowanie i aktualizacja<\/h4>\n\n\n\n<p>Macie Pa\u0144stwo prawo do uzyskania informacji, sprostowania, ograniczenia, przeniesienia, odwo\u0142ania, zaprzeczenia i usuni\u0119cia danych, o ile nie stoj\u0105 temu na przeszkodzie ustawowe obowi\u0105zki przechowywania danych. Je\u015bli uwa\u017cacie Pa\u0144stwo, \u017ce przetwarzanie Pa\u0144stwa danych narusza ustaw\u0119 o ochronie danych lub \u017ce naruszono w inny spos\u00f3b Pa\u0144stwa prawa do ochrony danych, mo\u017cecie z\u0142o\u017cy\u0107 Pa\u0144stwo za\u017calenie w organie nadzoruj\u0105cym.<\/p>\n\n\n\n<h4 class=\"wp-block-heading\">13. Aktualizacja regulacji o ochronie danych<\/h4>\n\n\n\n<p>Niniejsza regulacja o ochronie danych mo\u017ce ulec zmianie. Zmieniona regulacja o ochronie danych wchodzi w \u017cycie w momencie jej aktualizacji na naszej stronie internetowej.<\/p>\n\n\n\n<p><\/p>\n","protected":false},"excerpt":{"rendered":"1. Sprawy og\u00f3lne Sp\u00f3\u0142ka Saller Dienstleistungs GmbH, In der Buttergrube 9, 99428 Weimar-Legefeld, Niemcy, (s\u0105d rejestrowy Jena, HRB 516291) przetwarza jako administrator Pa\u0144stwa dane osobowe w zwi\u0105zku z korzystaniem ze strony internetowej www.saller-bau.com. Z najwy\u017csz\u0105 trosk\u0105 chronimy Pa\u0144stwa dane osobowe. Dlatego te\u017c przetwarzamy Pa\u0144stwa dane osobowe wy\u0142\u0105cznie na podstawie prawnej, kt\u00f3r\u0105 stanowi\u0105: BDSG \u2013 federalna [&#8230;]<p><a class=\"btn btn-secondary understrap-read-more-link\" href=\"https:\/\/www.saller-bau.com\/pl\/polityka-prywatnosci\/\">Czytaj dalej\u2026<span class=\"screen-reader-text\"> from Polityka prywatno\u015bci<\/span><\/a><\/p>","protected":false},"author":1,"featured_media":0,"parent":0,"menu_order":0,"comment_status":"closed","ping_status":"open","template":"","meta":{"_acf_changed":false,"_eb_attr":"","inline_featured_image":false,"postBodyCss":"","postBodyMargin":[],"postBodyPadding":[],"postBodyBackground":{"backgroundType":"classic","gradient":""},"footnotes":""},"class_list":["post-292","page","type-page","status-publish","hentry"],"featured_image_src":null,"acf":[],"yoast_head":"<!-- This site is optimized with the Yoast SEO plugin v27.4 - https:\/\/yoast.com\/product\/yoast-seo-wordpress\/ -->\n<title>Polityka prywatno\u015bci - Saller<\/title>\n<meta name=\"robots\" content=\"noindex, follow\" \/>\n<meta property=\"og:locale\" content=\"pl_PL\" \/>\n<meta property=\"og:type\" content=\"article\" \/>\n<meta property=\"og:title\" content=\"Polityka prywatno\u015bci - Saller\" \/>\n<meta property=\"og:description\" content=\"1. Sprawy og\u00f3lne Sp\u00f3\u0142ka Saller Dienstleistungs GmbH, In der Buttergrube 9, 99428 Weimar-Legefeld, Niemcy, (s\u0105d rejestrowy Jena, HRB 516291) przetwarza jako administrator Pa\u0144stwa dane osobowe w zwi\u0105zku z korzystaniem ze strony internetowej www.saller-bau.com. Z najwy\u017csz\u0105 trosk\u0105 chronimy Pa\u0144stwa dane osobowe. Dlatego te\u017c przetwarzamy Pa\u0144stwa dane osobowe wy\u0142\u0105cznie na podstawie prawnej, kt\u00f3r\u0105 stanowi\u0105: BDSG \u2013 federalna [...]Czytaj dalej\u2026 from Polityka prywatno\u015bci\" \/>\n<meta property=\"og:url\" content=\"https:\/\/www.saller-bau.com\/pl\/polityka-prywatnosci\/\" \/>\n<meta property=\"og:site_name\" content=\"Saller\" \/>\n<meta property=\"article:modified_time\" content=\"2025-04-02T11:51:36+00:00\" \/>\n<meta name=\"twitter:card\" content=\"summary_large_image\" \/>\n<meta name=\"twitter:label1\" content=\"Szacowany czas czytania\" \/>\n\t<meta name=\"twitter:data1\" content=\"9 minut\" \/>\n<script type=\"application\/ld+json\" class=\"yoast-schema-graph\">{\"@context\":\"https:\\\/\\\/schema.org\",\"@graph\":[{\"@type\":\"WebPage\",\"@id\":\"https:\\\/\\\/www.saller-bau.com\\\/pl\\\/polityka-prywatnosci\\\/\",\"url\":\"https:\\\/\\\/www.saller-bau.com\\\/pl\\\/polityka-prywatnosci\\\/\",\"name\":\"Polityka prywatno\u015bci - Saller\",\"isPartOf\":{\"@id\":\"https:\\\/\\\/www.saller-bau.com\\\/pl\\\/#website\"},\"datePublished\":\"2023-10-07T22:57:19+00:00\",\"dateModified\":\"2025-04-02T11:51:36+00:00\",\"breadcrumb\":{\"@id\":\"https:\\\/\\\/www.saller-bau.com\\\/pl\\\/polityka-prywatnosci\\\/#breadcrumb\"},\"inLanguage\":\"pl-PL\",\"potentialAction\":[{\"@type\":\"ReadAction\",\"target\":[\"https:\\\/\\\/www.saller-bau.com\\\/pl\\\/polityka-prywatnosci\\\/\"]}]},{\"@type\":\"BreadcrumbList\",\"@id\":\"https:\\\/\\\/www.saller-bau.com\\\/pl\\\/polityka-prywatnosci\\\/#breadcrumb\",\"itemListElement\":[{\"@type\":\"ListItem\",\"position\":1,\"name\":\"Startseite\",\"item\":\"https:\\\/\\\/www.saller-bau.com\\\/pl\\\/\"},{\"@type\":\"ListItem\",\"position\":2,\"name\":\"Polityka prywatno\u015bci\"}]},{\"@type\":\"WebSite\",\"@id\":\"https:\\\/\\\/www.saller-bau.com\\\/pl\\\/#website\",\"url\":\"https:\\\/\\\/www.saller-bau.com\\\/pl\\\/\",\"name\":\"Saller\",\"description\":\"\",\"publisher\":{\"@id\":\"https:\\\/\\\/www.saller-bau.com\\\/pl\\\/#organization\"},\"potentialAction\":[{\"@type\":\"SearchAction\",\"target\":{\"@type\":\"EntryPoint\",\"urlTemplate\":\"https:\\\/\\\/www.saller-bau.com\\\/pl\\\/?s={search_term_string}\"},\"query-input\":{\"@type\":\"PropertyValueSpecification\",\"valueRequired\":true,\"valueName\":\"search_term_string\"}}],\"inLanguage\":\"pl-PL\"},{\"@type\":\"Organization\",\"@id\":\"https:\\\/\\\/www.saller-bau.com\\\/pl\\\/#organization\",\"name\":\"Saller Unternehmensgruppe\",\"url\":\"https:\\\/\\\/www.saller-bau.com\\\/pl\\\/\",\"logo\":{\"@type\":\"ImageObject\",\"inLanguage\":\"pl-PL\",\"@id\":\"https:\\\/\\\/www.saller-bau.com\\\/pl\\\/#\\\/schema\\\/logo\\\/image\\\/\",\"url\":\"https:\\\/\\\/www.saller-bau.com\\\/wp-content\\\/uploads\\\/2025\\\/03\\\/Saller-ohne-Group_Immob-aus-Leidenschaft_Spruch-gross-01.png\",\"contentUrl\":\"https:\\\/\\\/www.saller-bau.com\\\/wp-content\\\/uploads\\\/2025\\\/03\\\/Saller-ohne-Group_Immob-aus-Leidenschaft_Spruch-gross-01.png\",\"width\":1308,\"height\":270,\"caption\":\"Saller Unternehmensgruppe\"},\"image\":{\"@id\":\"https:\\\/\\\/www.saller-bau.com\\\/pl\\\/#\\\/schema\\\/logo\\\/image\\\/\"},\"sameAs\":[\"https:\\\/\\\/www.linkedin.com\\\/in\\\/sallergroup\\\/\"]}]}<\/script>\n<!-- \/ Yoast SEO plugin. -->","yoast_head_json":{"title":"Polityka prywatno\u015bci - Saller","robots":{"index":"noindex","follow":"follow"},"og_locale":"pl_PL","og_type":"article","og_title":"Polityka prywatno\u015bci - Saller","og_description":"1. Sprawy og\u00f3lne Sp\u00f3\u0142ka Saller Dienstleistungs GmbH, In der Buttergrube 9, 99428 Weimar-Legefeld, Niemcy, (s\u0105d rejestrowy Jena, HRB 516291) przetwarza jako administrator Pa\u0144stwa dane osobowe w zwi\u0105zku z korzystaniem ze strony internetowej www.saller-bau.com. Z najwy\u017csz\u0105 trosk\u0105 chronimy Pa\u0144stwa dane osobowe. Dlatego te\u017c przetwarzamy Pa\u0144stwa dane osobowe wy\u0142\u0105cznie na podstawie prawnej, kt\u00f3r\u0105 stanowi\u0105: BDSG \u2013 federalna [...]Czytaj dalej\u2026 from Polityka prywatno\u015bci","og_url":"https:\/\/www.saller-bau.com\/pl\/polityka-prywatnosci\/","og_site_name":"Saller","article_modified_time":"2025-04-02T11:51:36+00:00","twitter_card":"summary_large_image","twitter_misc":{"Szacowany czas czytania":"9 minut"},"schema":{"@context":"https:\/\/schema.org","@graph":[{"@type":"WebPage","@id":"https:\/\/www.saller-bau.com\/pl\/polityka-prywatnosci\/","url":"https:\/\/www.saller-bau.com\/pl\/polityka-prywatnosci\/","name":"Polityka prywatno\u015bci - Saller","isPartOf":{"@id":"https:\/\/www.saller-bau.com\/pl\/#website"},"datePublished":"2023-10-07T22:57:19+00:00","dateModified":"2025-04-02T11:51:36+00:00","breadcrumb":{"@id":"https:\/\/www.saller-bau.com\/pl\/polityka-prywatnosci\/#breadcrumb"},"inLanguage":"pl-PL","potentialAction":[{"@type":"ReadAction","target":["https:\/\/www.saller-bau.com\/pl\/polityka-prywatnosci\/"]}]},{"@type":"BreadcrumbList","@id":"https:\/\/www.saller-bau.com\/pl\/polityka-prywatnosci\/#breadcrumb","itemListElement":[{"@type":"ListItem","position":1,"name":"Startseite","item":"https:\/\/www.saller-bau.com\/pl\/"},{"@type":"ListItem","position":2,"name":"Polityka prywatno\u015bci"}]},{"@type":"WebSite","@id":"https:\/\/www.saller-bau.com\/pl\/#website","url":"https:\/\/www.saller-bau.com\/pl\/","name":"Saller","description":"","publisher":{"@id":"https:\/\/www.saller-bau.com\/pl\/#organization"},"potentialAction":[{"@type":"SearchAction","target":{"@type":"EntryPoint","urlTemplate":"https:\/\/www.saller-bau.com\/pl\/?s={search_term_string}"},"query-input":{"@type":"PropertyValueSpecification","valueRequired":true,"valueName":"search_term_string"}}],"inLanguage":"pl-PL"},{"@type":"Organization","@id":"https:\/\/www.saller-bau.com\/pl\/#organization","name":"Saller Unternehmensgruppe","url":"https:\/\/www.saller-bau.com\/pl\/","logo":{"@type":"ImageObject","inLanguage":"pl-PL","@id":"https:\/\/www.saller-bau.com\/pl\/#\/schema\/logo\/image\/","url":"https:\/\/www.saller-bau.com\/wp-content\/uploads\/2025\/03\/Saller-ohne-Group_Immob-aus-Leidenschaft_Spruch-gross-01.png","contentUrl":"https:\/\/www.saller-bau.com\/wp-content\/uploads\/2025\/03\/Saller-ohne-Group_Immob-aus-Leidenschaft_Spruch-gross-01.png","width":1308,"height":270,"caption":"Saller Unternehmensgruppe"},"image":{"@id":"https:\/\/www.saller-bau.com\/pl\/#\/schema\/logo\/image\/"},"sameAs":["https:\/\/www.linkedin.com\/in\/sallergroup\/"]}]}},"_links":{"self":[{"href":"https:\/\/www.saller-bau.com\/pl\/wp-json\/wp\/v2\/pages\/292","targetHints":{"allow":["GET"]}}],"collection":[{"href":"https:\/\/www.saller-bau.com\/pl\/wp-json\/wp\/v2\/pages"}],"about":[{"href":"https:\/\/www.saller-bau.com\/pl\/wp-json\/wp\/v2\/types\/page"}],"author":[{"embeddable":true,"href":"https:\/\/www.saller-bau.com\/pl\/wp-json\/wp\/v2\/users\/1"}],"replies":[{"embeddable":true,"href":"https:\/\/www.saller-bau.com\/pl\/wp-json\/wp\/v2\/comments?post=292"}],"version-history":[{"count":8,"href":"https:\/\/www.saller-bau.com\/pl\/wp-json\/wp\/v2\/pages\/292\/revisions"}],"predecessor-version":[{"id":3027,"href":"https:\/\/www.saller-bau.com\/pl\/wp-json\/wp\/v2\/pages\/292\/revisions\/3027"}],"wp:attachment":[{"href":"https:\/\/www.saller-bau.com\/pl\/wp-json\/wp\/v2\/media?parent=292"}],"curies":[{"name":"wp","href":"https:\/\/api.w.org\/{rel}","templated":true}]}}