{"id":280,"date":"2023-10-08T00:57:19","date_gmt":"2023-10-07T22:57:19","guid":{"rendered":"https:\/\/dev.saller-bau.com\/?page_id=280"},"modified":"2025-04-02T13:52:24","modified_gmt":"2025-04-02T11:52:24","slug":"zasady-ochrany-osobnich-udaju","status":"publish","type":"page","link":"https:\/\/www.saller-bau.com\/cs\/zasady-ochrany-osobnich-udaju\/","title":{"rendered":"Ochrana osobn\u00edch \u00fadaj\u016f"},"content":{"rendered":"\n<span class=\"borlabs-cookie-open-dialog-preferences brlbs-cmpnt-container\" data-borlabs-cookie-title=\"nastaven\u00ed soukrom\u00ed\" data-borlabs-cookie-type=\"button\" ><\/span>\n\n\n\n<p><\/p>\n\n\n\n<p>V\u00a0t\u00e9to sekci na\u0161eho webu najdete ve\u0161ker\u00e9 informace o z\u00e1sad\u00e1ch a postupech p\u0159i zpracov\u00e1v\u00e1n\u00ed va\u0161ich osobn\u00edch \u00fadaj\u016f na na\u0161em webu, jako\u017e i va\u0161ich pr\u00e1vech, a to v\u00a0souladu s\u00a0na\u0159\u00edzen\u00edm Evropsk\u00e9ho parlamentu a Rady (EU) 2016\/679 ze dne 27.\u00a04.\u00a02016 o\u00a0ochran\u011b fyzick\u00fdch osob v souvislosti se zpracov\u00e1n\u00edm osobn\u00edch \u00fadaj\u016f a\u00a0o\u00a0voln\u00e9m pohybu t\u011bchto \u00fadaj\u016f a\u00a0o\u00a0zru\u0161en\u00ed sm\u011brnice 95\/46\/ES,\u00a0toto na\u0159\u00edzen\u00ed budeme d\u00e1le naz\u00fdvat jen \u201eGDPR\u201c.<\/p>\n\n\n\n<p><strong>Kdo pracuje s&nbsp;va\u0161imi osobn\u00edmi \u00fadaji<\/strong><\/p>\n\n\n\n<p>Spr\u00e1vcem va\u0161ich osobn\u00edch \u00fadaj\u016f jsme my, spole\u010dnost Saller Dienstleistungs GmbH, In der Buttergrube 9, 99428 Weimar, N\u011bmecko, Obchodn\u00ed rejst\u0159\u00edkov\u00fd soud: Jena, HRB 516291<\/p>\n\n\n\n<p><strong>Kde pracujeme s&nbsp;va\u0161imi osobn\u00edmi \u00fadaji<\/strong><\/p>\n\n\n\n<p>Va\u0161e osobn\u00ed \u00fadaje zpracov\u00e1v\u00e1me jen pro jasn\u011b vymezen\u00e9 \u00fa\u010dely, kter\u00fdm je v\u011bnov\u00e1na pr\u00e1v\u011b tato \u010d\u00e1st. Bez va\u0161eho souhlasu nebudeme va\u0161e osobn\u00edmi \u00fadaje zpracov\u00e1vat k&nbsp;\u017e\u00e1dn\u00fdm jin\u00fdm \u00fa\u010del\u016fm.<\/p>\n\n\n\n<p><strong>IP adresa<\/strong><\/p>\n\n\n\n<p>Bez va\u0161\u00ed IP adresy se neobejdeme, jinak bychom v\u00e1m nedok\u00e1zali zobrazit n\u00e1\u0161 web. Va\u0161i IP adresu tak\u00e9 uchov\u00e1v\u00e1me spole\u010dn\u011b s&nbsp;datem p\u0159\u00edstupu na web v&nbsp;seznamu p\u0159\u00edstup\u016f, a to jen za \u00fa\u010delem bezpe\u010dnosti na\u0161eho webu na z\u00e1klad\u011b na\u0161eho opr\u00e1vn\u011bn\u00e9ho z\u00e1jmu. Va\u0161e IP adresa bude v&nbsp;p\u0159\u00edstupov\u00e9m logu ulo\u017eena 180 dn\u00ed, pot\u00e9 je automaticky smaz\u00e1na.<\/p>\n\n\n\n<p><strong>Soubory cookies<\/strong><\/p>\n\n\n\n<p>Na na\u0161em webu vyu\u017e\u00edv\u00e1me cookies, kter\u00e9 pracuj\u00ed s&nbsp;va\u0161imi osobn\u00edmi \u00fadaji. Osobn\u00ed data budou pou\u017eita jen v&nbsp;p\u0159\u00edpad\u011b va\u0161eho souhlasu.<\/p>\n\n\n\n<p><\/p>\n\n\n\n<p><strong>Kontaktn\u00ed formul\u00e1\u0159<\/strong><\/p>\n\n\n\n<p>V\u00e1mi poskytnut\u00e9 \u00fadaji skrze kontaktn\u00ed formul\u00e1\u0159 zpracov\u00e1v\u00e1me jen k&nbsp;tomu, abychom odpov\u011bd\u011bli na V\u00e1\u0161 dotaz \u010di vy\u0159\u00eddili va\u0161i \u017e\u00e1dost, a to nejd\u00e9le 1 rok od odesl\u00e1n\u00ed formul\u00e1\u0159e, pokud neud\u011bl\u00edte souhlas k&nbsp;dal\u0161\u00edmu zpracov\u00e1n\u00ed.<\/p>\n\n\n\n<p><strong>Va\u0161e pr\u00e1va<\/strong><\/p>\n\n\n\n<p>Vezm\u011bte, pros\u00edm, na v\u011bdom\u00ed, \u017ee dle GDPR m\u00e1te pr\u00e1vo:<\/p>\n\n\n\n<ul class=\"wp-block-list\">\n<li>po\u017eadovat od n\u00e1s informace o zpracov\u00e1v\u00e1n\u00ed osobn\u00edch \u00fadaj\u016f,<\/li>\n\n\n\n<li>na p\u0159\u00edstup ke sv\u00fdm zpracov\u00e1van\u00fdm osobn\u00edm \u00fadaj\u016fm, jejich opravu, v\u00fdmaz nebo omezen\u00ed jejich zpracov\u00e1n\u00ed,<\/li>\n\n\n\n<li>vzn\u00e9st n\u00e1mitku proti zpracov\u00e1v\u00e1n\u00ed osobn\u00edch \u00fadaj\u016f,<\/li>\n\n\n\n<li>odvolat sv\u016fj souhlas se zpracov\u00e1v\u00e1n\u00edm osobn\u00edch \u00fadaj\u016f,<\/li>\n\n\n\n<li>obr\u00e1tit se na n\u00e1s nebo dozorov\u00fd \u00da\u0159ad pro ochranu osobn\u00edch \u00fadaj\u016f v\u00a0p\u0159\u00edpad\u011b pochybnost\u00ed o dodr\u017eov\u00e1n\u00ed na\u0161ich povinnost\u00ed v\u00a0souvislosti se zpracov\u00e1v\u00e1n\u00edm osobn\u00edch \u00fadaj\u016f<\/li>\n<\/ul>\n\n\n\n<p>S\u00a0v\u00fd\u0161e uveden\u00fdmi po\u017eadavky se m\u016f\u017eete obr\u00e1tit na adresu\u00a0info@saller-bau.com, telefon +420\u00a0474\u00a0610 023 nebo osobn\u011b v na\u0161\u00ed \u010desk\u00e9 centr\u00e1le na adrese Obchodn\u00ed z\u00f3na 266, 431 11 Otvice.<\/p>\n\n\n\n<p>Ud\u011blen\u00fd souhlas m\u016f\u017eete odvolat dle postupu uveden\u00e9m v&nbsp;textu p\u0159\u00edslu\u0161n\u00e9ho souhlasu se zpracov\u00e1n\u00edm osobn\u00edch \u00fadaj\u016f.<\/p>\n\n\n\n<p><\/p>\n","protected":false},"excerpt":{"rendered":"V\u00a0t\u00e9to sekci na\u0161eho webu najdete ve\u0161ker\u00e9 informace o z\u00e1sad\u00e1ch a postupech p\u0159i zpracov\u00e1v\u00e1n\u00ed va\u0161ich osobn\u00edch \u00fadaj\u016f na na\u0161em webu, jako\u017e i va\u0161ich pr\u00e1vech, a to v\u00a0souladu s\u00a0na\u0159\u00edzen\u00edm Evropsk\u00e9ho parlamentu a Rady (EU) 2016\/679 ze dne 27.\u00a04.\u00a02016 o\u00a0ochran\u011b fyzick\u00fdch osob v souvislosti se zpracov\u00e1n\u00edm osobn\u00edch \u00fadaj\u016f a\u00a0o\u00a0voln\u00e9m pohybu t\u011bchto \u00fadaj\u016f a\u00a0o\u00a0zru\u0161en\u00ed sm\u011brnice 95\/46\/ES,\u00a0toto na\u0159\u00edzen\u00ed budeme d\u00e1le [&#8230;]<p><a class=\"btn btn-secondary understrap-read-more-link\" href=\"https:\/\/www.saller-bau.com\/cs\/zasady-ochrany-osobnich-udaju\/\">\u010c\u00edst d\u00e1le&#8230;<span class=\"screen-reader-text\"> from Ochrana osobn\u00edch \u00fadaj\u016f<\/span><\/a><\/p>","protected":false},"author":1,"featured_media":0,"parent":0,"menu_order":0,"comment_status":"closed","ping_status":"open","template":"","meta":{"_acf_changed":false,"_eb_attr":"","inline_featured_image":false,"postBodyCss":"","postBodyMargin":[],"postBodyPadding":[],"postBodyBackground":{"backgroundType":"classic","gradient":""},"footnotes":""},"class_list":["post-280","page","type-page","status-publish","hentry"],"featured_image_src":null,"acf":[],"yoast_head":"<!-- This site is optimized with the Yoast SEO plugin v27.2 - https:\/\/yoast.com\/product\/yoast-seo-wordpress\/ -->\n<title>Ochrana osobn\u00edch \u00fadaj\u016f - Saller<\/title>\n<meta name=\"robots\" content=\"noindex, follow\" \/>\n<meta property=\"og:locale\" content=\"cs_CZ\" \/>\n<meta property=\"og:type\" content=\"article\" \/>\n<meta property=\"og:title\" content=\"Ochrana osobn\u00edch \u00fadaj\u016f - Saller\" \/>\n<meta property=\"og:description\" content=\"V\u00a0t\u00e9to sekci na\u0161eho webu najdete ve\u0161ker\u00e9 informace o z\u00e1sad\u00e1ch a postupech p\u0159i zpracov\u00e1v\u00e1n\u00ed va\u0161ich osobn\u00edch \u00fadaj\u016f na na\u0161em webu, jako\u017e i va\u0161ich pr\u00e1vech, a to v\u00a0souladu s\u00a0na\u0159\u00edzen\u00edm Evropsk\u00e9ho parlamentu a Rady (EU) 2016\/679 ze dne 27.\u00a04.\u00a02016 o\u00a0ochran\u011b fyzick\u00fdch osob v souvislosti se zpracov\u00e1n\u00edm osobn\u00edch \u00fadaj\u016f a\u00a0o\u00a0voln\u00e9m pohybu t\u011bchto \u00fadaj\u016f a\u00a0o\u00a0zru\u0161en\u00ed sm\u011brnice 95\/46\/ES,\u00a0toto na\u0159\u00edzen\u00ed budeme d\u00e1le [...]\u010c\u00edst d\u00e1le... from Ochrana osobn\u00edch \u00fadaj\u016f\" \/>\n<meta property=\"og:url\" content=\"https:\/\/www.saller-bau.com\/cs\/zasady-ochrany-osobnich-udaju\/\" \/>\n<meta property=\"og:site_name\" content=\"Saller\" \/>\n<meta property=\"article:modified_time\" content=\"2025-04-02T11:52:24+00:00\" \/>\n<meta name=\"twitter:card\" content=\"summary_large_image\" \/>\n<meta name=\"twitter:label1\" content=\"Odhadovan\u00e1 doba \u010dten\u00ed\" \/>\n\t<meta name=\"twitter:data1\" content=\"3 minuty\" \/>\n<script type=\"application\/ld+json\" class=\"yoast-schema-graph\">{\"@context\":\"https:\/\/schema.org\",\"@graph\":[{\"@type\":\"WebPage\",\"@id\":\"https:\/\/www.saller-bau.com\/cs\/zasady-ochrany-osobnich-udaju\/\",\"url\":\"https:\/\/www.saller-bau.com\/cs\/zasady-ochrany-osobnich-udaju\/\",\"name\":\"Ochrana osobn\u00edch \u00fadaj\u016f - Saller\",\"isPartOf\":{\"@id\":\"https:\/\/www.saller-bau.com\/cs\/#website\"},\"datePublished\":\"2023-10-07T22:57:19+00:00\",\"dateModified\":\"2025-04-02T11:52:24+00:00\",\"breadcrumb\":{\"@id\":\"https:\/\/www.saller-bau.com\/cs\/zasady-ochrany-osobnich-udaju\/#breadcrumb\"},\"inLanguage\":\"cs\",\"potentialAction\":[{\"@type\":\"ReadAction\",\"target\":[\"https:\/\/www.saller-bau.com\/cs\/zasady-ochrany-osobnich-udaju\/\"]}]},{\"@type\":\"BreadcrumbList\",\"@id\":\"https:\/\/www.saller-bau.com\/cs\/zasady-ochrany-osobnich-udaju\/#breadcrumb\",\"itemListElement\":[{\"@type\":\"ListItem\",\"position\":1,\"name\":\"Startseite\",\"item\":\"https:\/\/www.saller-bau.com\/cs\/\"},{\"@type\":\"ListItem\",\"position\":2,\"name\":\"Ochrana osobn\u00edch \u00fadaj\u016f\"}]},{\"@type\":\"WebSite\",\"@id\":\"https:\/\/www.saller-bau.com\/cs\/#website\",\"url\":\"https:\/\/www.saller-bau.com\/cs\/\",\"name\":\"Saller\",\"description\":\"\",\"publisher\":{\"@id\":\"https:\/\/www.saller-bau.com\/cs\/#organization\"},\"potentialAction\":[{\"@type\":\"SearchAction\",\"target\":{\"@type\":\"EntryPoint\",\"urlTemplate\":\"https:\/\/www.saller-bau.com\/cs\/?s={search_term_string}\"},\"query-input\":{\"@type\":\"PropertyValueSpecification\",\"valueRequired\":true,\"valueName\":\"search_term_string\"}}],\"inLanguage\":\"cs\"},{\"@type\":\"Organization\",\"@id\":\"https:\/\/www.saller-bau.com\/cs\/#organization\",\"name\":\"Saller Unternehmensgruppe\",\"url\":\"https:\/\/www.saller-bau.com\/cs\/\",\"logo\":{\"@type\":\"ImageObject\",\"inLanguage\":\"cs\",\"@id\":\"https:\/\/www.saller-bau.com\/cs\/#\/schema\/logo\/image\/\",\"url\":\"https:\/\/www.saller-bau.com\/wp-content\/uploads\/2025\/03\/Saller-ohne-Group_Immob-aus-Leidenschaft_Spruch-gross-01.png\",\"contentUrl\":\"https:\/\/www.saller-bau.com\/wp-content\/uploads\/2025\/03\/Saller-ohne-Group_Immob-aus-Leidenschaft_Spruch-gross-01.png\",\"width\":1308,\"height\":270,\"caption\":\"Saller Unternehmensgruppe\"},\"image\":{\"@id\":\"https:\/\/www.saller-bau.com\/cs\/#\/schema\/logo\/image\/\"},\"sameAs\":[\"https:\/\/www.linkedin.com\/in\/sallergroup\/\"]}]}<\/script>\n<!-- \/ Yoast SEO plugin. -->","yoast_head_json":{"title":"Ochrana osobn\u00edch \u00fadaj\u016f - Saller","robots":{"index":"noindex","follow":"follow"},"og_locale":"cs_CZ","og_type":"article","og_title":"Ochrana osobn\u00edch \u00fadaj\u016f - Saller","og_description":"V\u00a0t\u00e9to sekci na\u0161eho webu najdete ve\u0161ker\u00e9 informace o z\u00e1sad\u00e1ch a postupech p\u0159i zpracov\u00e1v\u00e1n\u00ed va\u0161ich osobn\u00edch \u00fadaj\u016f na na\u0161em webu, jako\u017e i va\u0161ich pr\u00e1vech, a to v\u00a0souladu s\u00a0na\u0159\u00edzen\u00edm Evropsk\u00e9ho parlamentu a Rady (EU) 2016\/679 ze dne 27.\u00a04.\u00a02016 o\u00a0ochran\u011b fyzick\u00fdch osob v souvislosti se zpracov\u00e1n\u00edm osobn\u00edch \u00fadaj\u016f a\u00a0o\u00a0voln\u00e9m pohybu t\u011bchto \u00fadaj\u016f a\u00a0o\u00a0zru\u0161en\u00ed sm\u011brnice 95\/46\/ES,\u00a0toto na\u0159\u00edzen\u00ed budeme d\u00e1le [...]\u010c\u00edst d\u00e1le... from Ochrana osobn\u00edch \u00fadaj\u016f","og_url":"https:\/\/www.saller-bau.com\/cs\/zasady-ochrany-osobnich-udaju\/","og_site_name":"Saller","article_modified_time":"2025-04-02T11:52:24+00:00","twitter_card":"summary_large_image","twitter_misc":{"Odhadovan\u00e1 doba \u010dten\u00ed":"3 minuty"},"schema":{"@context":"https:\/\/schema.org","@graph":[{"@type":"WebPage","@id":"https:\/\/www.saller-bau.com\/cs\/zasady-ochrany-osobnich-udaju\/","url":"https:\/\/www.saller-bau.com\/cs\/zasady-ochrany-osobnich-udaju\/","name":"Ochrana osobn\u00edch \u00fadaj\u016f - Saller","isPartOf":{"@id":"https:\/\/www.saller-bau.com\/cs\/#website"},"datePublished":"2023-10-07T22:57:19+00:00","dateModified":"2025-04-02T11:52:24+00:00","breadcrumb":{"@id":"https:\/\/www.saller-bau.com\/cs\/zasady-ochrany-osobnich-udaju\/#breadcrumb"},"inLanguage":"cs","potentialAction":[{"@type":"ReadAction","target":["https:\/\/www.saller-bau.com\/cs\/zasady-ochrany-osobnich-udaju\/"]}]},{"@type":"BreadcrumbList","@id":"https:\/\/www.saller-bau.com\/cs\/zasady-ochrany-osobnich-udaju\/#breadcrumb","itemListElement":[{"@type":"ListItem","position":1,"name":"Startseite","item":"https:\/\/www.saller-bau.com\/cs\/"},{"@type":"ListItem","position":2,"name":"Ochrana osobn\u00edch \u00fadaj\u016f"}]},{"@type":"WebSite","@id":"https:\/\/www.saller-bau.com\/cs\/#website","url":"https:\/\/www.saller-bau.com\/cs\/","name":"Saller","description":"","publisher":{"@id":"https:\/\/www.saller-bau.com\/cs\/#organization"},"potentialAction":[{"@type":"SearchAction","target":{"@type":"EntryPoint","urlTemplate":"https:\/\/www.saller-bau.com\/cs\/?s={search_term_string}"},"query-input":{"@type":"PropertyValueSpecification","valueRequired":true,"valueName":"search_term_string"}}],"inLanguage":"cs"},{"@type":"Organization","@id":"https:\/\/www.saller-bau.com\/cs\/#organization","name":"Saller Unternehmensgruppe","url":"https:\/\/www.saller-bau.com\/cs\/","logo":{"@type":"ImageObject","inLanguage":"cs","@id":"https:\/\/www.saller-bau.com\/cs\/#\/schema\/logo\/image\/","url":"https:\/\/www.saller-bau.com\/wp-content\/uploads\/2025\/03\/Saller-ohne-Group_Immob-aus-Leidenschaft_Spruch-gross-01.png","contentUrl":"https:\/\/www.saller-bau.com\/wp-content\/uploads\/2025\/03\/Saller-ohne-Group_Immob-aus-Leidenschaft_Spruch-gross-01.png","width":1308,"height":270,"caption":"Saller Unternehmensgruppe"},"image":{"@id":"https:\/\/www.saller-bau.com\/cs\/#\/schema\/logo\/image\/"},"sameAs":["https:\/\/www.linkedin.com\/in\/sallergroup\/"]}]}},"_links":{"self":[{"href":"https:\/\/www.saller-bau.com\/cs\/wp-json\/wp\/v2\/pages\/280","targetHints":{"allow":["GET"]}}],"collection":[{"href":"https:\/\/www.saller-bau.com\/cs\/wp-json\/wp\/v2\/pages"}],"about":[{"href":"https:\/\/www.saller-bau.com\/cs\/wp-json\/wp\/v2\/types\/page"}],"author":[{"embeddable":true,"href":"https:\/\/www.saller-bau.com\/cs\/wp-json\/wp\/v2\/users\/1"}],"replies":[{"embeddable":true,"href":"https:\/\/www.saller-bau.com\/cs\/wp-json\/wp\/v2\/comments?post=280"}],"version-history":[{"count":8,"href":"https:\/\/www.saller-bau.com\/cs\/wp-json\/wp\/v2\/pages\/280\/revisions"}],"predecessor-version":[{"id":2841,"href":"https:\/\/www.saller-bau.com\/cs\/wp-json\/wp\/v2\/pages\/280\/revisions\/2841"}],"wp:attachment":[{"href":"https:\/\/www.saller-bau.com\/cs\/wp-json\/wp\/v2\/media?parent=280"}],"curies":[{"name":"wp","href":"https:\/\/api.w.org\/{rel}","templated":true}]}}