{"id":274,"date":"2023-11-28T18:00:05","date_gmt":"2023-11-28T17:00:05","guid":{"rendered":"https:\/\/dev.saller-bau.com\/?page_id=274"},"modified":"2025-05-06T11:38:26","modified_gmt":"2025-05-06T09:38:26","slug":"spolecnost","status":"publish","type":"page","link":"https:\/\/www.saller-bau.com\/cs\/spolecnost\/","title":{"rendered":"Spole\u010dnost"},"content":{"rendered":"\n<div style=\"height:31px\" aria-hidden=\"true\" class=\"wp-block-spacer\"><\/div>\n\n\n\n<div class=\"wp-block-columns is-layout-flex wp-container-core-columns-is-layout-9d6595d7 wp-block-columns-is-layout-flex\">\n<div class=\"wp-block-column is-layout-flow wp-block-column-is-layout-flow\">\n<figure class=\"wp-block-embed is-type-video is-provider-youtube wp-block-embed-youtube wp-embed-aspect-16-9 wp-has-aspect-ratio\"><div class=\"wp-block-embed__wrapper\">\n <div class=\"brlbs-cmpnt-container brlbs-cmpnt-content-blocker brlbs-cmpnt-with-individual-styles\" data-borlabs-cookie-content-blocker-id=\"youtube-content-blocker\" data-borlabs-cookie-content=\"PGlmcmFtZSB0aXRsZT0iQXVzemVpY2hudW5nIGFscyBUT1AtQXJiZWl0Z2ViZXIgMjAyMiIgd2lkdGg9IjY0MCIgaGVpZ2h0PSIzNjAiIHNyYz0iaHR0cHM6Ly93d3cueW91dHViZS1ub2Nvb2tpZS5jb20vZW1iZWQveE8yZlhCTi04UUE\/ZmVhdHVyZT1vZW1iZWQiIGZyYW1lYm9yZGVyPSIwIiBhbGxvdz0iYWNjZWxlcm9tZXRlcjsgYXV0b3BsYXk7IGNsaXBib2FyZC13cml0ZTsgZW5jcnlwdGVkLW1lZGlhOyBneXJvc2NvcGU7IHBpY3R1cmUtaW4tcGljdHVyZTsgd2ViLXNoYXJlIiByZWZlcnJlcnBvbGljeT0ic3RyaWN0LW9yaWdpbi13aGVuLWNyb3NzLW9yaWdpbiIgYWxsb3dmdWxsc2NyZWVuPjwvaWZyYW1lPg==\"><div class=\"brlbs-cmpnt-cb-preset-c brlbs-cmpnt-cb-youtube\"> <div class=\"brlbs-cmpnt-cb-thumbnail\" style=\"background-image: url('https:\/\/www.saller-bau.com\/wp-content\/uploads\/borlabs-cookie\/1\/yt_xO2fXBN-8QA_hqdefault.jpg')\"><\/div> <div class=\"brlbs-cmpnt-cb-main\"> <div class=\"brlbs-cmpnt-cb-play-button\"><\/div> <div class=\"brlbs-cmpnt-cb-content\"> <p class=\"brlbs-cmpnt-cb-description\">You are currently viewing a placeholder content from <strong>YouTube<\/strong>. To access the actual content, click the button below. Please note that doing so will share data with third-party providers.<\/p> <a class=\"brlbs-cmpnt-cb-provider-toggle\" href=\"#\" data-borlabs-cookie-show-provider-information role=\"button\">More Information<\/a> <\/div> <div class=\"brlbs-cmpnt-cb-buttons\"> <a class=\"brlbs-cmpnt-cb-btn\" href=\"#\" data-borlabs-cookie-unblock role=\"button\">Unblock content<\/a> <a class=\"brlbs-cmpnt-cb-btn\" href=\"#\" data-borlabs-cookie-accept-service role=\"button\" style=\"display: inherit\">Accept required service and unblock content<\/a> <\/div> <\/div> <\/div><\/div>\n<\/div><\/figure>\n<\/div>\n\n\n\n<div class=\"wp-block-column is-layout-flow wp-block-column-is-layout-flow\">\n<h2 class=\"wp-block-heading has-text-color has-link-color wp-elements-0abdd0360c6c72131af194396d1b4692\" style=\"color:#00305b\">Rodinn\u00e1 firma<\/h2>\n\n\n\n<p style=\"font-size:16px\">Spole\u010dnost Saller p\u016fsob\u00ed pod p\u0159\u00edm\u00fdm veden\u00edm sv\u00e9ho majitele ji\u017e v\u00edce ne\u017e 40 let jako investor na trhu nemovitost\u00ed. V\u00a0N\u011bmecku, \u010cesk\u00e9 republice, Polsku, na Slovensku a v Rakousku se zab\u00fdv\u00e1me projektov\u00e1n\u00edm komer\u010dn\u00edch staveb, jejich v\u00fdstavbou, dlouhodob\u00fdm pron\u00e1jmem, \u00fadr\u017ebou, p\u00e9\u010d\u00ed o n\u011b a jejich roz\u0161i\u0159ov\u00e1n\u00edm. S\u00eddlo na\u0161\u00ed spole\u010dnosti se nach\u00e1z\u00ed v\u00a0p\u0159ekr\u00e1sn\u00e9m a poklidn\u00e9m univerzitn\u00edm m\u011bst\u011b V\u00fdmaru (Weimar) ve spolkov\u00e9 zemi Durynsko. V\u00fdmar byl d\u0159\u00edve zn\u00e1m jako rezidence v\u00fdznamn\u00fdch \u0161lechtick\u00fdch rod\u016f.<\/p>\n<\/div>\n<\/div>\n\n\n\n<div class=\"wp-block-columns is-layout-flex wp-container-core-columns-is-layout-9d6595d7 wp-block-columns-is-layout-flex\">\n<div class=\"wp-block-column is-vertically-aligned-center is-layout-flow wp-block-column-is-layout-flow\">\n<div class=\"wp-block-cover\" style=\"min-height:182px;aspect-ratio:unset;\"><img decoding=\"async\" width=\"1024\" height=\"768\" class=\"wp-block-cover__image-background wp-image-515\" alt=\"\" src=\"https:\/\/www.saller-bau.com\/wp-content\/uploads\/2023\/12\/DJI_0273-1-1024x768.jpg\" data-object-fit=\"cover\" srcset=\"https:\/\/www.saller-bau.com\/wp-content\/uploads\/2023\/12\/DJI_0273-1-1024x768.jpg 1024w, https:\/\/www.saller-bau.com\/wp-content\/uploads\/2023\/12\/DJI_0273-1-300x225.jpg 300w, https:\/\/www.saller-bau.com\/wp-content\/uploads\/2023\/12\/DJI_0273-1-768x576.jpg 768w, https:\/\/www.saller-bau.com\/wp-content\/uploads\/2023\/12\/DJI_0273-1-1536x1152.jpg 1536w, https:\/\/www.saller-bau.com\/wp-content\/uploads\/2023\/12\/DJI_0273-1-133x100.jpg 133w, https:\/\/www.saller-bau.com\/wp-content\/uploads\/2023\/12\/DJI_0273-1.jpg 1920w\" sizes=\"(max-width: 1024px) 100vw, 1024px\" \/><span aria-hidden=\"true\" class=\"wp-block-cover__background has-background-dim-70 has-background-dim\" style=\"background-color:#00305b\"><\/span><div class=\"wp-block-cover__inner-container is-layout-flow wp-block-cover-is-layout-flow\">\n<p class=\"has-text-align-center\" style=\"font-size:30px;font-style:normal;font-weight:500;text-transform:uppercase\"><strong>Na\u0161e strategie <\/strong><\/p>\n<\/div><\/div>\n<\/div>\n\n\n\n<div class=\"wp-block-column is-layout-flow wp-block-column-is-layout-flow\">\n<p style=\"font-size:16px\"><strong>Stav\u00edme budovy pro lidi.<\/strong><br>Na\u0161e spole\u010dnost spojuje inovativn\u00ed my\u0161lenky a produkty a vytv\u00e1\u0159\u00ed z nich koncepty nemovitosti, kter\u00e9 obstoj\u00ed tv\u00e1\u0159\u00ed v tv\u00e1\u0159 budouc\u00edm v\u00fdzv\u00e1m. Ji\u017e po mnoho let vykazujeme r\u016fst v \u0159\u00e1du des\u00edtek procent. P\u0159i sv\u00e9m ka\u017edodenn\u00edm jedn\u00e1n\u00ed se \u0159\u00edd\u00edme Mottem \u201eUd\u011blej to jednodu\u0161e!\u201c \u2013 strategie rychle uv\u00e1d\u00edme do praxe a neztr\u00e1c\u00edme p\u0159itom ze z\u0159etele c\u00edl. Se svou spole\u010dnost\u00ed se identifikujeme a jedn\u00e1me z p\u0159esv\u011bd\u010den\u00ed. To z n\u00e1s v ka\u017ed\u00e9m ohledu d\u011bl\u00e1 spolehliv\u00e9ho obchodn\u00edho partnera.<\/p>\n<\/div>\n<\/div>\n\n\n\n<div class=\"wp-block-columns is-layout-flex wp-container-core-columns-is-layout-9d6595d7 wp-block-columns-is-layout-flex\">\n<div class=\"wp-block-column is-vertically-aligned-top is-layout-flow wp-block-column-is-layout-flow\">\n<div class=\"wp-block-cover\" style=\"min-height:182px;aspect-ratio:unset;\"><img decoding=\"async\" width=\"1920\" height=\"1280\" class=\"wp-block-cover__image-background wp-image-540\" alt=\"\" src=\"https:\/\/www.saller-bau.com\/wp-content\/uploads\/slider2\/04-Kopie-scaled.jpeg\" data-object-fit=\"cover\" srcset=\"https:\/\/www.saller-bau.com\/wp-content\/uploads\/slider2\/04-Kopie-scaled.jpeg 1920w, https:\/\/www.saller-bau.com\/wp-content\/uploads\/slider2\/04-Kopie-300x200.jpeg 300w, https:\/\/www.saller-bau.com\/wp-content\/uploads\/slider2\/04-Kopie-1024x682.jpeg 1024w, https:\/\/www.saller-bau.com\/wp-content\/uploads\/slider2\/04-Kopie-768x512.jpeg 768w, https:\/\/www.saller-bau.com\/wp-content\/uploads\/slider2\/04-Kopie-1536x1024.jpeg 1536w, https:\/\/www.saller-bau.com\/wp-content\/uploads\/slider2\/04-Kopie-2048x1365.jpeg 2048w, https:\/\/www.saller-bau.com\/wp-content\/uploads\/slider2\/04-Kopie-150x100.jpeg 150w\" sizes=\"(max-width: 1920px) 100vw, 1920px\" \/><span aria-hidden=\"true\" class=\"wp-block-cover__background has-background-dim-70 has-background-dim\" style=\"background-color:#00305b\"><\/span><div class=\"wp-block-cover__inner-container is-layout-flow wp-block-cover-is-layout-flow\">\n<p class=\"has-text-align-center\" style=\"font-size:30px;font-style:normal;font-weight:500;text-transform:uppercase\"><strong>Expanze<\/strong><\/p>\n<\/div><\/div>\n<\/div>\n\n\n\n<div class=\"wp-block-column is-layout-flow wp-block-column-is-layout-flow\">\n<p style=\"font-size:16px\">Usilujeme o udr\u017eiteln\u00fd, ale setrval\u00fd r\u016fst portfolia nemovitost\u00ed na\u0161\u00ed skupiny. Neust\u00e1le proto vyhled\u00e1v\u00e1me dal\u0161\u00ed pozemky, projekty a dostaven\u00e9 jednotliv\u00e9 objekty nebo portfolia objekt\u016f. \u00dasp\u011b\u0161n\u011b, dlouhodob\u011b a udr\u017eiteln\u011b pracujeme podle vyt\u00fd\u010den\u00e9ho syst\u00e9mu. Kr\u00e1tk\u00e9 rozhodovac\u00ed postupy, jednoduch\u00e9 a systematick\u00e9 pracovn\u00ed procesy jsou garantem na\u0161eho \u00fasp\u011bchu.<\/p>\n<\/div>\n<\/div>\n\n\n\n<div class=\"wp-block-columns is-layout-flex wp-container-core-columns-is-layout-9d6595d7 wp-block-columns-is-layout-flex\">\n<div class=\"wp-block-column is-vertically-aligned-top is-layout-flow wp-block-column-is-layout-flow\">\n<div class=\"wp-block-cover\" style=\"min-height:182px;aspect-ratio:unset;\"><img decoding=\"async\" width=\"760\" height=\"380\" class=\"wp-block-cover__image-background wp-image-427\" alt=\"\" src=\"https:\/\/www.saller-bau.com\/wp-content\/uploads\/2023\/12\/RK2303_6II8191-1-760x380-1.jpg\" data-object-fit=\"cover\" srcset=\"https:\/\/www.saller-bau.com\/wp-content\/uploads\/2023\/12\/RK2303_6II8191-1-760x380-1.jpg 760w, https:\/\/www.saller-bau.com\/wp-content\/uploads\/2023\/12\/RK2303_6II8191-1-760x380-1-300x150.jpg 300w, https:\/\/www.saller-bau.com\/wp-content\/uploads\/2023\/12\/RK2303_6II8191-1-760x380-1-200x100.jpg 200w\" sizes=\"(max-width: 760px) 100vw, 760px\" \/><span aria-hidden=\"true\" class=\"wp-block-cover__background has-background-dim-70 has-background-dim\" style=\"background-color:#00305b\"><\/span><div class=\"wp-block-cover__inner-container is-layout-flow wp-block-cover-is-layout-flow\">\n<p class=\"has-text-align-center\" style=\"font-size:30px;text-transform:uppercase\"><strong>Pron\u00e1jem<\/strong><\/p>\n<\/div><\/div>\n<\/div>\n\n\n\n<div class=\"wp-block-column is-layout-flow wp-block-column-is-layout-flow\">\n<p style=\"font-size:16px\">Jsme spolehliv\u00fdm partnerem \u00fasp\u011b\u0161n\u00fdch komer\u010dn\u00edch n\u00e1jemc\u016f. Jako\u017eto st\u0159edn\u011b velk\u00e1 spole\u010dnost V\u00e1m nab\u00edz\u00edme partnerstv\u00ed p\u0159i hled\u00e1n\u00ed n\u00e1jemn\u00edch ploch a p\u0159i Va\u0161\u00ed expanzi. K na\u0161im n\u00e1jemc\u016fm pat\u0159\u00ed \u0159ada \u0161pi\u010dkov\u00fdch evropsk\u00fdch firem.<\/p>\n<\/div>\n<\/div>\n\n\n\n<p><\/p>\n","protected":false},"excerpt":{"rendered":"Rodinn\u00e1 firma Spole\u010dnost Saller p\u016fsob\u00ed pod p\u0159\u00edm\u00fdm veden\u00edm sv\u00e9ho majitele ji\u017e v\u00edce ne\u017e 40 let jako investor na trhu nemovitost\u00ed. V\u00a0N\u011bmecku, \u010cesk\u00e9 republice, Polsku, na Slovensku a v Rakousku se zab\u00fdv\u00e1me projektov\u00e1n\u00edm komer\u010dn\u00edch staveb, jejich v\u00fdstavbou, dlouhodob\u00fdm pron\u00e1jmem, \u00fadr\u017ebou, p\u00e9\u010d\u00ed o n\u011b a jejich roz\u0161i\u0159ov\u00e1n\u00edm. S\u00eddlo na\u0161\u00ed spole\u010dnosti se nach\u00e1z\u00ed v\u00a0p\u0159ekr\u00e1sn\u00e9m a poklidn\u00e9m univerzitn\u00edm m\u011bst\u011b [&#8230;]<p><a class=\"btn btn-secondary understrap-read-more-link\" href=\"https:\/\/www.saller-bau.com\/cs\/spolecnost\/\">\u010c\u00edst d\u00e1le&#8230;<span class=\"screen-reader-text\"> from Spole\u010dnost<\/span><\/a><\/p>","protected":false},"author":1,"featured_media":0,"parent":0,"menu_order":0,"comment_status":"closed","ping_status":"closed","template":"","meta":{"_acf_changed":false,"_eb_attr":"","inline_featured_image":false,"postBodyCss":"","postBodyMargin":[],"postBodyPadding":[],"postBodyBackground":{"backgroundType":"classic","gradient":""},"footnotes":""},"class_list":["post-274","page","type-page","status-publish","hentry"],"featured_image_src":null,"acf":[],"yoast_head":"<!-- This site is optimized with the Yoast SEO plugin v27.3 - https:\/\/yoast.com\/product\/yoast-seo-wordpress\/ -->\n<title>Spole\u010dnost - Saller<\/title>\n<meta name=\"robots\" content=\"index, follow, max-snippet:-1, max-image-preview:large, max-video-preview:-1\" \/>\n<link rel=\"canonical\" href=\"https:\/\/www.saller-bau.com\/cs\/spolecnost\/\" \/>\n<meta property=\"og:locale\" content=\"cs_CZ\" \/>\n<meta property=\"og:type\" content=\"article\" \/>\n<meta property=\"og:title\" content=\"Spole\u010dnost - Saller\" \/>\n<meta property=\"og:description\" content=\"Rodinn\u00e1 firma Spole\u010dnost Saller p\u016fsob\u00ed pod p\u0159\u00edm\u00fdm veden\u00edm sv\u00e9ho majitele ji\u017e v\u00edce ne\u017e 40 let jako investor na trhu nemovitost\u00ed. V\u00a0N\u011bmecku, \u010cesk\u00e9 republice, Polsku, na Slovensku a v Rakousku se zab\u00fdv\u00e1me projektov\u00e1n\u00edm komer\u010dn\u00edch staveb, jejich v\u00fdstavbou, dlouhodob\u00fdm pron\u00e1jmem, \u00fadr\u017ebou, p\u00e9\u010d\u00ed o n\u011b a jejich roz\u0161i\u0159ov\u00e1n\u00edm. S\u00eddlo na\u0161\u00ed spole\u010dnosti se nach\u00e1z\u00ed v\u00a0p\u0159ekr\u00e1sn\u00e9m a poklidn\u00e9m univerzitn\u00edm m\u011bst\u011b [...]\u010c\u00edst d\u00e1le... from Spole\u010dnost\" \/>\n<meta property=\"og:url\" content=\"https:\/\/www.saller-bau.com\/cs\/spolecnost\/\" \/>\n<meta property=\"og:site_name\" content=\"Saller\" \/>\n<meta property=\"article:modified_time\" content=\"2025-05-06T09:38:26+00:00\" \/>\n<meta property=\"og:image\" content=\"https:\/\/www.saller-bau.com\/wp-content\/uploads\/2023\/12\/DJI_0273-1.jpg\" \/>\n\t<meta property=\"og:image:width\" content=\"1920\" \/>\n\t<meta property=\"og:image:height\" content=\"1440\" \/>\n\t<meta property=\"og:image:type\" content=\"image\/jpeg\" \/>\n<meta name=\"twitter:card\" content=\"summary_large_image\" \/>\n<meta name=\"twitter:label1\" content=\"Odhadovan\u00e1 doba \u010dten\u00ed\" \/>\n\t<meta name=\"twitter:data1\" content=\"2 minuty\" \/>\n<script type=\"application\/ld+json\" class=\"yoast-schema-graph\">{\"@context\":\"https:\\\/\\\/schema.org\",\"@graph\":[{\"@type\":\"WebPage\",\"@id\":\"https:\\\/\\\/www.saller-bau.com\\\/cs\\\/spolecnost\\\/\",\"url\":\"https:\\\/\\\/www.saller-bau.com\\\/cs\\\/spolecnost\\\/\",\"name\":\"Spole\u010dnost - Saller\",\"isPartOf\":{\"@id\":\"https:\\\/\\\/www.saller-bau.com\\\/cs\\\/#website\"},\"primaryImageOfPage\":{\"@id\":\"https:\\\/\\\/www.saller-bau.com\\\/cs\\\/spolecnost\\\/#primaryimage\"},\"image\":{\"@id\":\"https:\\\/\\\/www.saller-bau.com\\\/cs\\\/spolecnost\\\/#primaryimage\"},\"thumbnailUrl\":\"https:\\\/\\\/www.saller-bau.com\\\/wp-content\\\/uploads\\\/2023\\\/12\\\/DJI_0273-1-1024x768.jpg\",\"datePublished\":\"2023-11-28T17:00:05+00:00\",\"dateModified\":\"2025-05-06T09:38:26+00:00\",\"breadcrumb\":{\"@id\":\"https:\\\/\\\/www.saller-bau.com\\\/cs\\\/spolecnost\\\/#breadcrumb\"},\"inLanguage\":\"cs\",\"potentialAction\":[{\"@type\":\"ReadAction\",\"target\":[\"https:\\\/\\\/www.saller-bau.com\\\/cs\\\/spolecnost\\\/\"]}]},{\"@type\":\"ImageObject\",\"inLanguage\":\"cs\",\"@id\":\"https:\\\/\\\/www.saller-bau.com\\\/cs\\\/spolecnost\\\/#primaryimage\",\"url\":\"https:\\\/\\\/www.saller-bau.com\\\/wp-content\\\/uploads\\\/2023\\\/12\\\/DJI_0273-1-1024x768.jpg\",\"contentUrl\":\"https:\\\/\\\/www.saller-bau.com\\\/wp-content\\\/uploads\\\/2023\\\/12\\\/DJI_0273-1-1024x768.jpg\"},{\"@type\":\"BreadcrumbList\",\"@id\":\"https:\\\/\\\/www.saller-bau.com\\\/cs\\\/spolecnost\\\/#breadcrumb\",\"itemListElement\":[{\"@type\":\"ListItem\",\"position\":1,\"name\":\"Startseite\",\"item\":\"https:\\\/\\\/www.saller-bau.com\\\/cs\\\/\"},{\"@type\":\"ListItem\",\"position\":2,\"name\":\"Spole\u010dnost\"}]},{\"@type\":\"WebSite\",\"@id\":\"https:\\\/\\\/www.saller-bau.com\\\/cs\\\/#website\",\"url\":\"https:\\\/\\\/www.saller-bau.com\\\/cs\\\/\",\"name\":\"Saller\",\"description\":\"\",\"publisher\":{\"@id\":\"https:\\\/\\\/www.saller-bau.com\\\/cs\\\/#organization\"},\"potentialAction\":[{\"@type\":\"SearchAction\",\"target\":{\"@type\":\"EntryPoint\",\"urlTemplate\":\"https:\\\/\\\/www.saller-bau.com\\\/cs\\\/?s={search_term_string}\"},\"query-input\":{\"@type\":\"PropertyValueSpecification\",\"valueRequired\":true,\"valueName\":\"search_term_string\"}}],\"inLanguage\":\"cs\"},{\"@type\":\"Organization\",\"@id\":\"https:\\\/\\\/www.saller-bau.com\\\/cs\\\/#organization\",\"name\":\"Saller Unternehmensgruppe\",\"url\":\"https:\\\/\\\/www.saller-bau.com\\\/cs\\\/\",\"logo\":{\"@type\":\"ImageObject\",\"inLanguage\":\"cs\",\"@id\":\"https:\\\/\\\/www.saller-bau.com\\\/cs\\\/#\\\/schema\\\/logo\\\/image\\\/\",\"url\":\"https:\\\/\\\/www.saller-bau.com\\\/wp-content\\\/uploads\\\/2025\\\/03\\\/Saller-ohne-Group_Immob-aus-Leidenschaft_Spruch-gross-01.png\",\"contentUrl\":\"https:\\\/\\\/www.saller-bau.com\\\/wp-content\\\/uploads\\\/2025\\\/03\\\/Saller-ohne-Group_Immob-aus-Leidenschaft_Spruch-gross-01.png\",\"width\":1308,\"height\":270,\"caption\":\"Saller Unternehmensgruppe\"},\"image\":{\"@id\":\"https:\\\/\\\/www.saller-bau.com\\\/cs\\\/#\\\/schema\\\/logo\\\/image\\\/\"},\"sameAs\":[\"https:\\\/\\\/www.linkedin.com\\\/in\\\/sallergroup\\\/\"]}]}<\/script>\n<!-- \/ Yoast SEO plugin. -->","yoast_head_json":{"title":"Spole\u010dnost - Saller","robots":{"index":"index","follow":"follow","max-snippet":"max-snippet:-1","max-image-preview":"max-image-preview:large","max-video-preview":"max-video-preview:-1"},"canonical":"https:\/\/www.saller-bau.com\/cs\/spolecnost\/","og_locale":"cs_CZ","og_type":"article","og_title":"Spole\u010dnost - Saller","og_description":"Rodinn\u00e1 firma Spole\u010dnost Saller p\u016fsob\u00ed pod p\u0159\u00edm\u00fdm veden\u00edm sv\u00e9ho majitele ji\u017e v\u00edce ne\u017e 40 let jako investor na trhu nemovitost\u00ed. V\u00a0N\u011bmecku, \u010cesk\u00e9 republice, Polsku, na Slovensku a v Rakousku se zab\u00fdv\u00e1me projektov\u00e1n\u00edm komer\u010dn\u00edch staveb, jejich v\u00fdstavbou, dlouhodob\u00fdm pron\u00e1jmem, \u00fadr\u017ebou, p\u00e9\u010d\u00ed o n\u011b a jejich roz\u0161i\u0159ov\u00e1n\u00edm. S\u00eddlo na\u0161\u00ed spole\u010dnosti se nach\u00e1z\u00ed v\u00a0p\u0159ekr\u00e1sn\u00e9m a poklidn\u00e9m univerzitn\u00edm m\u011bst\u011b [...]\u010c\u00edst d\u00e1le... from Spole\u010dnost","og_url":"https:\/\/www.saller-bau.com\/cs\/spolecnost\/","og_site_name":"Saller","article_modified_time":"2025-05-06T09:38:26+00:00","og_image":[{"width":1920,"height":1440,"url":"https:\/\/www.saller-bau.com\/wp-content\/uploads\/2023\/12\/DJI_0273-1.jpg","type":"image\/jpeg"}],"twitter_card":"summary_large_image","twitter_misc":{"Odhadovan\u00e1 doba \u010dten\u00ed":"2 minuty"},"schema":{"@context":"https:\/\/schema.org","@graph":[{"@type":"WebPage","@id":"https:\/\/www.saller-bau.com\/cs\/spolecnost\/","url":"https:\/\/www.saller-bau.com\/cs\/spolecnost\/","name":"Spole\u010dnost - Saller","isPartOf":{"@id":"https:\/\/www.saller-bau.com\/cs\/#website"},"primaryImageOfPage":{"@id":"https:\/\/www.saller-bau.com\/cs\/spolecnost\/#primaryimage"},"image":{"@id":"https:\/\/www.saller-bau.com\/cs\/spolecnost\/#primaryimage"},"thumbnailUrl":"https:\/\/www.saller-bau.com\/wp-content\/uploads\/2023\/12\/DJI_0273-1-1024x768.jpg","datePublished":"2023-11-28T17:00:05+00:00","dateModified":"2025-05-06T09:38:26+00:00","breadcrumb":{"@id":"https:\/\/www.saller-bau.com\/cs\/spolecnost\/#breadcrumb"},"inLanguage":"cs","potentialAction":[{"@type":"ReadAction","target":["https:\/\/www.saller-bau.com\/cs\/spolecnost\/"]}]},{"@type":"ImageObject","inLanguage":"cs","@id":"https:\/\/www.saller-bau.com\/cs\/spolecnost\/#primaryimage","url":"https:\/\/www.saller-bau.com\/wp-content\/uploads\/2023\/12\/DJI_0273-1-1024x768.jpg","contentUrl":"https:\/\/www.saller-bau.com\/wp-content\/uploads\/2023\/12\/DJI_0273-1-1024x768.jpg"},{"@type":"BreadcrumbList","@id":"https:\/\/www.saller-bau.com\/cs\/spolecnost\/#breadcrumb","itemListElement":[{"@type":"ListItem","position":1,"name":"Startseite","item":"https:\/\/www.saller-bau.com\/cs\/"},{"@type":"ListItem","position":2,"name":"Spole\u010dnost"}]},{"@type":"WebSite","@id":"https:\/\/www.saller-bau.com\/cs\/#website","url":"https:\/\/www.saller-bau.com\/cs\/","name":"Saller","description":"","publisher":{"@id":"https:\/\/www.saller-bau.com\/cs\/#organization"},"potentialAction":[{"@type":"SearchAction","target":{"@type":"EntryPoint","urlTemplate":"https:\/\/www.saller-bau.com\/cs\/?s={search_term_string}"},"query-input":{"@type":"PropertyValueSpecification","valueRequired":true,"valueName":"search_term_string"}}],"inLanguage":"cs"},{"@type":"Organization","@id":"https:\/\/www.saller-bau.com\/cs\/#organization","name":"Saller Unternehmensgruppe","url":"https:\/\/www.saller-bau.com\/cs\/","logo":{"@type":"ImageObject","inLanguage":"cs","@id":"https:\/\/www.saller-bau.com\/cs\/#\/schema\/logo\/image\/","url":"https:\/\/www.saller-bau.com\/wp-content\/uploads\/2025\/03\/Saller-ohne-Group_Immob-aus-Leidenschaft_Spruch-gross-01.png","contentUrl":"https:\/\/www.saller-bau.com\/wp-content\/uploads\/2025\/03\/Saller-ohne-Group_Immob-aus-Leidenschaft_Spruch-gross-01.png","width":1308,"height":270,"caption":"Saller Unternehmensgruppe"},"image":{"@id":"https:\/\/www.saller-bau.com\/cs\/#\/schema\/logo\/image\/"},"sameAs":["https:\/\/www.linkedin.com\/in\/sallergroup\/"]}]}},"_links":{"self":[{"href":"https:\/\/www.saller-bau.com\/cs\/wp-json\/wp\/v2\/pages\/274","targetHints":{"allow":["GET"]}}],"collection":[{"href":"https:\/\/www.saller-bau.com\/cs\/wp-json\/wp\/v2\/pages"}],"about":[{"href":"https:\/\/www.saller-bau.com\/cs\/wp-json\/wp\/v2\/types\/page"}],"author":[{"embeddable":true,"href":"https:\/\/www.saller-bau.com\/cs\/wp-json\/wp\/v2\/users\/1"}],"replies":[{"embeddable":true,"href":"https:\/\/www.saller-bau.com\/cs\/wp-json\/wp\/v2\/comments?post=274"}],"version-history":[{"count":7,"href":"https:\/\/www.saller-bau.com\/cs\/wp-json\/wp\/v2\/pages\/274\/revisions"}],"predecessor-version":[{"id":3003,"href":"https:\/\/www.saller-bau.com\/cs\/wp-json\/wp\/v2\/pages\/274\/revisions\/3003"}],"wp:attachment":[{"href":"https:\/\/www.saller-bau.com\/cs\/wp-json\/wp\/v2\/media?parent=274"}],"curies":[{"name":"wp","href":"https:\/\/api.w.org\/{rel}","templated":true}]}}