{"id":1906,"date":"2024-10-16T14:54:38","date_gmt":"2024-10-16T12:54:38","guid":{"rendered":"https:\/\/dev.saller-bau.com\/?page_id=1906"},"modified":"2024-10-16T16:17:53","modified_gmt":"2024-10-16T14:17:53","slug":"stoji-za-to-vedet","status":"publish","type":"page","link":"https:\/\/www.saller-bau.com\/cs\/stoji-za-to-vedet\/","title":{"rendered":"Stoj\u00ed za to v\u011bd\u011bt"},"content":{"rendered":"\n<div style=\"height:25px\" aria-hidden=\"true\" class=\"wp-block-spacer\"><\/div>\n\n\n\n<h4 class=\"wp-block-heading has-text-color has-link-color wp-elements-6ce1359d32f387083a8f1674eb986c62\" style=\"color:#00305b\">HOUSE OF INSPIRATION<\/h4>\n\n\n\n<div style=\"height:10px\" aria-hidden=\"true\" class=\"wp-block-spacer\"><\/div>\n\n\n\n<div class=\"wp-block-columns is-layout-flex wp-container-core-columns-is-layout-9d6595d7 wp-block-columns-is-layout-flex\">\n<div class=\"wp-block-column is-layout-flow wp-block-column-is-layout-flow\">\n<div class=\"wp-block-essential-blocks-advanced-image alignfull  root-eb-advanced-image-0j3tm\"><div class=\"eb-parent-wrapper eb-parent-eb-advanced-image-0j3tm \"><figure class=\"eb-advanced-image-wrapper eb-advanced-image-0j3tm img-style-square caption-style-1 caption-horizontal-center caption-vertical-bottom bottom zoom-in\" data-id=\"eb-advanced-image-0j3tm\"><div class=\"image-wrapper\"><img decoding=\"async\" src=\"https:\/\/www.saller-bau.com\/wp-content\/uploads\/2024\/08\/Zentrale.jpg\" alt=\"\"\/><figcaption><em>\u201eU budovy je t\u0159eba db\u00e1t na t\u0159i v\u011bci:aby st\u00e1la na spr\u00e1vn\u00e9m m\u00edst\u011b, aby m\u011bla dobr\u00e9 z\u00e1kladya aby byla dokonale postaven\u00e1.\u201c<\/em><br>Johann Wolfgang von Goethe (1749 \u2013 1832)<\/figcaption><\/div><\/figure><\/div><\/div>\n<\/div>\n\n\n\n<div class=\"wp-block-column is-layout-flow wp-block-column-is-layout-flow\">\n<p style=\"font-size:16px\">Jak by tomu mohlo b\u00fdt jinak: Z\u00edskali jsme si renom\u00e9 v\u00fdstavbou a p\u0159estavbami n\u00e1kupn\u00edch park\u016f a obchodn\u00edch center. Na\u0161e nov\u00e1 firemn\u00ed centr\u00e1la se p\u0159\u00edmo nab\u00edzela k tomu, abychom se na n\u00ed architektonicky vy\u0159\u00e1dili, a uk\u00e1zali tak na\u0161im zam\u011bstnanc\u016fm a n\u00e1jemc\u016fm, jak stavebn\u00ed inovace funguj\u00ed v praxi. Na p\u016fdorysu obchodn\u00edho centra jsme vybudovali objekt vych\u00e1zej\u00edc\u00ed z na\u0161eho vlastn\u00edho inovativn\u00edho designu.&nbsp;<\/p>\n\n\n\n<p style=\"font-size:16px\">Budova bude proch\u00e1zet neust\u00e1lou prom\u011bnou, abychom si tak odzkou\u0161eli nov\u00e9 n\u00e1pady. Otev\u0159en\u00e1 konstrukce vytv\u00e1\u0159\u00ed pozitivn\u00ed, optim\u00e1ln\u00ed, p\u0159irozen\u00e9 osv\u011btlen\u00ed, kter\u00e9 je v souladu s lidsk\u00fdm biorytmem. Na\u0161i zam\u011bstnanci a n\u00e1jemci zde v komprimovan\u00e9 podob\u011b naleznou n\u00e1pady pro 5 a\u017e 10 obchodn\u00edch center a n\u011bkolik stovek rodinn\u00fdch dom\u016f.<\/p>\n<\/div>\n<\/div>\n\n\n\n<div class=\"wp-block-columns is-layout-flex wp-container-core-columns-is-layout-9d6595d7 wp-block-columns-is-layout-flex\">\n<div class=\"wp-block-column is-layout-flow wp-block-column-is-layout-flow\">\n<p style=\"font-size:16px\">Inovativnost budouc\u00edch stavebn\u00edch projekt\u016f spole\u010dnosti Saller je zde je\u0161t\u011b umocn\u011bna. Na\u0161e nov\u00e1 firemn\u00ed centr\u00e1la nav\u017edy z\u016fstane zku\u0161ebn\u00ed laborato\u0159\u00ed. Budeme demolovat, stav\u011bt nanovo, zabudov\u00e1vat nov\u00e9 materi\u00e1ly, m\u011bnit designy atd. \u201eBydl\u00edme ve vzorov\u00e9m dom\u011b.\u201c<\/p>\n\n\n\n<p style=\"font-size:16px\">Stagnace je krokem zp\u011bt, budeme se proto neust\u00e1le p\u0159izp\u016fsobovat v\u00fdzv\u00e1m, kter\u00e9 se v Evrop\u011b pro management budov dostanou na po\u0159ad dne. \u201eKreativn\u00ed ni\u010den\u00ed\u201c n\u00e1m umo\u017en\u00ed udr\u017eet se na \u0161pici.<\/p>\n<\/div>\n\n\n\n<div class=\"wp-block-column is-layout-flow wp-block-column-is-layout-flow\"><div style=\"min-height: 285px;; \" class=\"ub_image_slider alignwide swiper-container wp-block-ub-image-slider\" id=\"ub_image_slider_84e42d64-c280-477f-a42c-0fd612fad9bf\" data-swiper-data='{\"speed\":2500,\"spaceBetween\":5,\"slidesPerView\":2,\"loop\":true,\"pagination\":{\"el\": null , \"type\": \"bullets\", \"clickable\":true},\"navigation\": {\"nextEl\": \".swiper-button-next\", \"prevEl\": \".swiper-button-prev\"}, \"keyboard\": { \"enabled\": true }, \"effect\": \"slide\",\"autoplay\":{\"delay\": 3000},\"simulateTouch\":false}'>\n            <div class=\"swiper-wrapper\"><figure class=\"swiper-slide\">\n                <img decoding=\"async\" src=\"https:\/\/www.saller-bau.com\/wp-content\/uploads\/2024\/08\/2018-09-11-Legefeld-Firmengebaeude-mail-Arc3SV-5.jpg\" alt=\"\" style=\"height: 250px;; \">\n                <figcaption class=\"ub_image_slider_image_caption\"><\/figcaption>\n            <\/figure><figure class=\"swiper-slide\">\n                <img decoding=\"async\" src=\"https:\/\/www.saller-bau.com\/wp-content\/uploads\/2024\/08\/DSC03528.jpg\" alt=\"\" style=\"height: 250px;; \">\n                <figcaption class=\"ub_image_slider_image_caption\"><\/figcaption>\n            <\/figure><figure class=\"swiper-slide\">\n                <img decoding=\"async\" src=\"https:\/\/www.saller-bau.com\/wp-content\/uploads\/2024\/08\/DSC03555.jpg\" alt=\"\" style=\"height: 250px;; \">\n                <figcaption class=\"ub_image_slider_image_caption\"><\/figcaption>\n            <\/figure><figure class=\"swiper-slide\">\n                <img decoding=\"async\" src=\"https:\/\/www.saller-bau.com\/wp-content\/uploads\/2024\/08\/2015-10-22-1Og-Kuh-01.jpg\" alt=\"\" style=\"height: 250px;; \">\n                <figcaption class=\"ub_image_slider_image_caption\"><\/figcaption>\n            <\/figure><figure class=\"swiper-slide\">\n                <img decoding=\"async\" src=\"https:\/\/www.saller-bau.com\/wp-content\/uploads\/2024\/08\/2015-10-22-Eingang-aussen-01.jpg\" alt=\"\" style=\"height: 250px;; \">\n                <figcaption class=\"ub_image_slider_image_caption\"><\/figcaption>\n            <\/figure><figure class=\"swiper-slide\">\n                <img decoding=\"async\" src=\"https:\/\/www.saller-bau.com\/wp-content\/uploads\/2024\/08\/2018-05_Firmenzentrale-Eingang-03.jpg\" alt=\"\" style=\"height: 250px;; \">\n                <figcaption class=\"ub_image_slider_image_caption\"><\/figcaption>\n            <\/figure><figure class=\"swiper-slide\">\n                <img decoding=\"async\" src=\"https:\/\/www.saller-bau.com\/wp-content\/uploads\/2024\/08\/2018-05_Firmenzentrale-Innen-02.jpg\" alt=\"\" style=\"height: 250px;; \">\n                <figcaption class=\"ub_image_slider_image_caption\"><\/figcaption>\n            <\/figure><figure class=\"swiper-slide\">\n                <img decoding=\"async\" src=\"https:\/\/www.saller-bau.com\/wp-content\/uploads\/2024\/08\/2018-09-11-Legefeld-Firmengebaeude-mail-Arc3SV-3.jpg\" alt=\"\" style=\"height: 250px;; \">\n                <figcaption class=\"ub_image_slider_image_caption\"><\/figcaption>\n            <\/figure><\/div>\n            <div class=\"swiper-pagination\"><\/div>\n            <div class=\"swiper-button-prev\"><\/div> <div class=\"swiper-button-next\"><\/div>\n        <\/div><\/div>\n<\/div>\n\n\n\n<p><\/p>\n","protected":false},"excerpt":{"rendered":"HOUSE OF INSPIRATION Jak by tomu mohlo b\u00fdt jinak: Z\u00edskali jsme si renom\u00e9 v\u00fdstavbou a p\u0159estavbami n\u00e1kupn\u00edch park\u016f a obchodn\u00edch center. Na\u0161e nov\u00e1 firemn\u00ed centr\u00e1la se p\u0159\u00edmo nab\u00edzela k tomu, abychom se na n\u00ed architektonicky vy\u0159\u00e1dili, a uk\u00e1zali tak na\u0161im zam\u011bstnanc\u016fm a n\u00e1jemc\u016fm, jak stavebn\u00ed inovace funguj\u00ed v praxi. Na p\u016fdorysu obchodn\u00edho centra jsme vybudovali [&#8230;]<p><a class=\"btn btn-secondary understrap-read-more-link\" href=\"https:\/\/www.saller-bau.com\/cs\/stoji-za-to-vedet\/\">\u010c\u00edst d\u00e1le&#8230;<span class=\"screen-reader-text\"> from Stoj\u00ed za to v\u011bd\u011bt<\/span><\/a><\/p>","protected":false},"author":2,"featured_media":0,"parent":0,"menu_order":0,"comment_status":"closed","ping_status":"closed","template":"","meta":{"_acf_changed":false,"_eb_attr":"","inline_featured_image":false,"postBodyCss":"","postBodyMargin":[],"postBodyPadding":[],"postBodyBackground":{"backgroundType":"classic","gradient":""},"footnotes":""},"class_list":["post-1906","page","type-page","status-publish","hentry"],"featured_image_src":null,"acf":[],"yoast_head":"<!-- This site is optimized with the Yoast SEO plugin v27.5 - https:\/\/yoast.com\/product\/yoast-seo-wordpress\/ -->\n<title>Stoj\u00ed za to v\u011bd\u011bt - Saller<\/title>\n<meta name=\"robots\" content=\"index, follow, max-snippet:-1, max-image-preview:large, max-video-preview:-1\" \/>\n<link rel=\"canonical\" href=\"https:\/\/www.saller-bau.com\/cs\/stoji-za-to-vedet\/\" \/>\n<meta property=\"og:locale\" content=\"cs_CZ\" \/>\n<meta property=\"og:type\" content=\"article\" \/>\n<meta property=\"og:title\" content=\"Stoj\u00ed za to v\u011bd\u011bt - Saller\" \/>\n<meta property=\"og:description\" content=\"HOUSE OF INSPIRATION Jak by tomu mohlo b\u00fdt jinak: Z\u00edskali jsme si renom\u00e9 v\u00fdstavbou a p\u0159estavbami n\u00e1kupn\u00edch park\u016f a obchodn\u00edch center. Na\u0161e nov\u00e1 firemn\u00ed centr\u00e1la se p\u0159\u00edmo nab\u00edzela k tomu, abychom se na n\u00ed architektonicky vy\u0159\u00e1dili, a uk\u00e1zali tak na\u0161im zam\u011bstnanc\u016fm a n\u00e1jemc\u016fm, jak stavebn\u00ed inovace funguj\u00ed v praxi. Na p\u016fdorysu obchodn\u00edho centra jsme vybudovali [...]\u010c\u00edst d\u00e1le... from Stoj\u00ed za to v\u011bd\u011bt\" \/>\n<meta property=\"og:url\" content=\"https:\/\/www.saller-bau.com\/cs\/stoji-za-to-vedet\/\" \/>\n<meta property=\"og:site_name\" content=\"Saller\" \/>\n<meta property=\"article:modified_time\" content=\"2024-10-16T14:17:53+00:00\" \/>\n<meta property=\"og:image\" content=\"https:\/\/www.saller-bau.com\/wp-content\/uploads\/2024\/08\/Zentrale.jpg\" \/>\n<meta name=\"twitter:card\" content=\"summary_large_image\" \/>\n<meta name=\"twitter:label1\" content=\"Odhadovan\u00e1 doba \u010dten\u00ed\" \/>\n\t<meta name=\"twitter:data1\" content=\"2 minuty\" \/>\n<script type=\"application\/ld+json\" class=\"yoast-schema-graph\">{\"@context\":\"https:\\\/\\\/schema.org\",\"@graph\":[{\"@type\":\"WebPage\",\"@id\":\"https:\\\/\\\/www.saller-bau.com\\\/cs\\\/stoji-za-to-vedet\\\/\",\"url\":\"https:\\\/\\\/www.saller-bau.com\\\/cs\\\/stoji-za-to-vedet\\\/\",\"name\":\"Stoj\u00ed za to v\u011bd\u011bt - Saller\",\"isPartOf\":{\"@id\":\"https:\\\/\\\/www.saller-bau.com\\\/cs\\\/#website\"},\"primaryImageOfPage\":{\"@id\":\"https:\\\/\\\/www.saller-bau.com\\\/cs\\\/stoji-za-to-vedet\\\/#primaryimage\"},\"image\":{\"@id\":\"https:\\\/\\\/www.saller-bau.com\\\/cs\\\/stoji-za-to-vedet\\\/#primaryimage\"},\"thumbnailUrl\":\"https:\\\/\\\/www.saller-bau.com\\\/wp-content\\\/uploads\\\/2024\\\/08\\\/Zentrale.jpg\",\"datePublished\":\"2024-10-16T12:54:38+00:00\",\"dateModified\":\"2024-10-16T14:17:53+00:00\",\"breadcrumb\":{\"@id\":\"https:\\\/\\\/www.saller-bau.com\\\/cs\\\/stoji-za-to-vedet\\\/#breadcrumb\"},\"inLanguage\":\"cs\",\"potentialAction\":[{\"@type\":\"ReadAction\",\"target\":[\"https:\\\/\\\/www.saller-bau.com\\\/cs\\\/stoji-za-to-vedet\\\/\"]}]},{\"@type\":\"ImageObject\",\"inLanguage\":\"cs\",\"@id\":\"https:\\\/\\\/www.saller-bau.com\\\/cs\\\/stoji-za-to-vedet\\\/#primaryimage\",\"url\":\"https:\\\/\\\/www.saller-bau.com\\\/wp-content\\\/uploads\\\/2024\\\/08\\\/Zentrale.jpg\",\"contentUrl\":\"https:\\\/\\\/www.saller-bau.com\\\/wp-content\\\/uploads\\\/2024\\\/08\\\/Zentrale.jpg\"},{\"@type\":\"BreadcrumbList\",\"@id\":\"https:\\\/\\\/www.saller-bau.com\\\/cs\\\/stoji-za-to-vedet\\\/#breadcrumb\",\"itemListElement\":[{\"@type\":\"ListItem\",\"position\":1,\"name\":\"Startseite\",\"item\":\"https:\\\/\\\/www.saller-bau.com\\\/cs\\\/\"},{\"@type\":\"ListItem\",\"position\":2,\"name\":\"Stoj\u00ed za to v\u011bd\u011bt\"}]},{\"@type\":\"WebSite\",\"@id\":\"https:\\\/\\\/www.saller-bau.com\\\/cs\\\/#website\",\"url\":\"https:\\\/\\\/www.saller-bau.com\\\/cs\\\/\",\"name\":\"Saller\",\"description\":\"\",\"publisher\":{\"@id\":\"https:\\\/\\\/www.saller-bau.com\\\/cs\\\/#organization\"},\"potentialAction\":[{\"@type\":\"SearchAction\",\"target\":{\"@type\":\"EntryPoint\",\"urlTemplate\":\"https:\\\/\\\/www.saller-bau.com\\\/cs\\\/?s={search_term_string}\"},\"query-input\":{\"@type\":\"PropertyValueSpecification\",\"valueRequired\":true,\"valueName\":\"search_term_string\"}}],\"inLanguage\":\"cs\"},{\"@type\":\"Organization\",\"@id\":\"https:\\\/\\\/www.saller-bau.com\\\/cs\\\/#organization\",\"name\":\"Saller Unternehmensgruppe\",\"url\":\"https:\\\/\\\/www.saller-bau.com\\\/cs\\\/\",\"logo\":{\"@type\":\"ImageObject\",\"inLanguage\":\"cs\",\"@id\":\"https:\\\/\\\/www.saller-bau.com\\\/cs\\\/#\\\/schema\\\/logo\\\/image\\\/\",\"url\":\"https:\\\/\\\/www.saller-bau.com\\\/wp-content\\\/uploads\\\/2025\\\/03\\\/Saller-ohne-Group_Immob-aus-Leidenschaft_Spruch-gross-01.png\",\"contentUrl\":\"https:\\\/\\\/www.saller-bau.com\\\/wp-content\\\/uploads\\\/2025\\\/03\\\/Saller-ohne-Group_Immob-aus-Leidenschaft_Spruch-gross-01.png\",\"width\":1308,\"height\":270,\"caption\":\"Saller Unternehmensgruppe\"},\"image\":{\"@id\":\"https:\\\/\\\/www.saller-bau.com\\\/cs\\\/#\\\/schema\\\/logo\\\/image\\\/\"},\"sameAs\":[\"https:\\\/\\\/www.linkedin.com\\\/in\\\/sallergroup\\\/\"]}]}<\/script>\n<!-- \/ Yoast SEO plugin. -->","yoast_head_json":{"title":"Stoj\u00ed za to v\u011bd\u011bt - Saller","robots":{"index":"index","follow":"follow","max-snippet":"max-snippet:-1","max-image-preview":"max-image-preview:large","max-video-preview":"max-video-preview:-1"},"canonical":"https:\/\/www.saller-bau.com\/cs\/stoji-za-to-vedet\/","og_locale":"cs_CZ","og_type":"article","og_title":"Stoj\u00ed za to v\u011bd\u011bt - Saller","og_description":"HOUSE OF INSPIRATION Jak by tomu mohlo b\u00fdt jinak: Z\u00edskali jsme si renom\u00e9 v\u00fdstavbou a p\u0159estavbami n\u00e1kupn\u00edch park\u016f a obchodn\u00edch center. Na\u0161e nov\u00e1 firemn\u00ed centr\u00e1la se p\u0159\u00edmo nab\u00edzela k tomu, abychom se na n\u00ed architektonicky vy\u0159\u00e1dili, a uk\u00e1zali tak na\u0161im zam\u011bstnanc\u016fm a n\u00e1jemc\u016fm, jak stavebn\u00ed inovace funguj\u00ed v praxi. Na p\u016fdorysu obchodn\u00edho centra jsme vybudovali [...]\u010c\u00edst d\u00e1le... from Stoj\u00ed za to v\u011bd\u011bt","og_url":"https:\/\/www.saller-bau.com\/cs\/stoji-za-to-vedet\/","og_site_name":"Saller","article_modified_time":"2024-10-16T14:17:53+00:00","og_image":[{"url":"https:\/\/www.saller-bau.com\/wp-content\/uploads\/2024\/08\/Zentrale.jpg","type":"","width":"","height":""}],"twitter_card":"summary_large_image","twitter_misc":{"Odhadovan\u00e1 doba \u010dten\u00ed":"2 minuty"},"schema":{"@context":"https:\/\/schema.org","@graph":[{"@type":"WebPage","@id":"https:\/\/www.saller-bau.com\/cs\/stoji-za-to-vedet\/","url":"https:\/\/www.saller-bau.com\/cs\/stoji-za-to-vedet\/","name":"Stoj\u00ed za to v\u011bd\u011bt - Saller","isPartOf":{"@id":"https:\/\/www.saller-bau.com\/cs\/#website"},"primaryImageOfPage":{"@id":"https:\/\/www.saller-bau.com\/cs\/stoji-za-to-vedet\/#primaryimage"},"image":{"@id":"https:\/\/www.saller-bau.com\/cs\/stoji-za-to-vedet\/#primaryimage"},"thumbnailUrl":"https:\/\/www.saller-bau.com\/wp-content\/uploads\/2024\/08\/Zentrale.jpg","datePublished":"2024-10-16T12:54:38+00:00","dateModified":"2024-10-16T14:17:53+00:00","breadcrumb":{"@id":"https:\/\/www.saller-bau.com\/cs\/stoji-za-to-vedet\/#breadcrumb"},"inLanguage":"cs","potentialAction":[{"@type":"ReadAction","target":["https:\/\/www.saller-bau.com\/cs\/stoji-za-to-vedet\/"]}]},{"@type":"ImageObject","inLanguage":"cs","@id":"https:\/\/www.saller-bau.com\/cs\/stoji-za-to-vedet\/#primaryimage","url":"https:\/\/www.saller-bau.com\/wp-content\/uploads\/2024\/08\/Zentrale.jpg","contentUrl":"https:\/\/www.saller-bau.com\/wp-content\/uploads\/2024\/08\/Zentrale.jpg"},{"@type":"BreadcrumbList","@id":"https:\/\/www.saller-bau.com\/cs\/stoji-za-to-vedet\/#breadcrumb","itemListElement":[{"@type":"ListItem","position":1,"name":"Startseite","item":"https:\/\/www.saller-bau.com\/cs\/"},{"@type":"ListItem","position":2,"name":"Stoj\u00ed za to v\u011bd\u011bt"}]},{"@type":"WebSite","@id":"https:\/\/www.saller-bau.com\/cs\/#website","url":"https:\/\/www.saller-bau.com\/cs\/","name":"Saller","description":"","publisher":{"@id":"https:\/\/www.saller-bau.com\/cs\/#organization"},"potentialAction":[{"@type":"SearchAction","target":{"@type":"EntryPoint","urlTemplate":"https:\/\/www.saller-bau.com\/cs\/?s={search_term_string}"},"query-input":{"@type":"PropertyValueSpecification","valueRequired":true,"valueName":"search_term_string"}}],"inLanguage":"cs"},{"@type":"Organization","@id":"https:\/\/www.saller-bau.com\/cs\/#organization","name":"Saller Unternehmensgruppe","url":"https:\/\/www.saller-bau.com\/cs\/","logo":{"@type":"ImageObject","inLanguage":"cs","@id":"https:\/\/www.saller-bau.com\/cs\/#\/schema\/logo\/image\/","url":"https:\/\/www.saller-bau.com\/wp-content\/uploads\/2025\/03\/Saller-ohne-Group_Immob-aus-Leidenschaft_Spruch-gross-01.png","contentUrl":"https:\/\/www.saller-bau.com\/wp-content\/uploads\/2025\/03\/Saller-ohne-Group_Immob-aus-Leidenschaft_Spruch-gross-01.png","width":1308,"height":270,"caption":"Saller Unternehmensgruppe"},"image":{"@id":"https:\/\/www.saller-bau.com\/cs\/#\/schema\/logo\/image\/"},"sameAs":["https:\/\/www.linkedin.com\/in\/sallergroup\/"]}]}},"_links":{"self":[{"href":"https:\/\/www.saller-bau.com\/cs\/wp-json\/wp\/v2\/pages\/1906","targetHints":{"allow":["GET"]}}],"collection":[{"href":"https:\/\/www.saller-bau.com\/cs\/wp-json\/wp\/v2\/pages"}],"about":[{"href":"https:\/\/www.saller-bau.com\/cs\/wp-json\/wp\/v2\/types\/page"}],"author":[{"embeddable":true,"href":"https:\/\/www.saller-bau.com\/cs\/wp-json\/wp\/v2\/users\/2"}],"replies":[{"embeddable":true,"href":"https:\/\/www.saller-bau.com\/cs\/wp-json\/wp\/v2\/comments?post=1906"}],"version-history":[{"count":4,"href":"https:\/\/www.saller-bau.com\/cs\/wp-json\/wp\/v2\/pages\/1906\/revisions"}],"predecessor-version":[{"id":1951,"href":"https:\/\/www.saller-bau.com\/cs\/wp-json\/wp\/v2\/pages\/1906\/revisions\/1951"}],"wp:attachment":[{"href":"https:\/\/www.saller-bau.com\/cs\/wp-json\/wp\/v2\/media?parent=1906"}],"curies":[{"name":"wp","href":"https:\/\/api.w.org\/{rel}","templated":true}]}}