{"id":152,"date":"2023-11-07T19:22:12","date_gmt":"2023-11-07T18:22:12","guid":{"rendered":"https:\/\/dev.saller-bau.com\/?page_id=152"},"modified":"2025-06-06T10:13:57","modified_gmt":"2025-06-06T08:13:57","slug":"domovska-stranka","status":"publish","type":"page","link":"https:\/\/www.saller-bau.com\/cs\/","title":{"rendered":"Domovsk\u00e1 str\u00e1nka"},"content":{"rendered":"\n<div style=\"height:31px\" aria-hidden=\"true\" class=\"wp-block-spacer\"><\/div>\n\n\n\n<h2 class=\"wp-block-heading has-text-align-center has-text-color has-link-color wp-elements-55f5a585bf5568b3c1b08111f6da1c39\" style=\"color:#00305b;font-style:normal;font-weight:700;text-transform:uppercase\">V\u00e1\u0161e\u0148 pro nemovitosti<\/h2>\n\n\n\n<p><\/p>\n\n\n\n<h4 class=\"wp-block-heading has-text-align-center has-text-color has-link-color wp-elements-f8b874a067724d8ff8675304ce53ee86\" style=\"color:#00305b;font-size:16px\"><strong>Na\u0161e strategie: stav\u00edme budovy pro lidi.&nbsp;&nbsp;<\/strong><\/h4>\n\n\n\n<p><\/p>\n\n\n\n<p class=\"has-text-align-center\" style=\"font-size:16px\">Chceme, aby se na\u0161e budovy z\u00e1kazn\u00edk\u016fm l\u00edbily. Chceme, aby budovy slou\u017eily \u010dlov\u011bku.<\/p>\n\n\n\n<p class=\"has-text-align-center\" style=\"font-size:16px\">Nechceme ekologii pou\u017e\u00edvat jen jako fr\u00e1zi, naopak stoj\u00edme za n\u00ed. Ekologie m\u00e1 smysl, je na\u0161\u00ed etickou povinnost\u00ed v\u00e9st sv\u011bt k lep\u0161\u00ed kvalit\u011b \u017eivota d\u00edky praktick\u00fdm, atraktivn\u00edm a objektivn\u011b kr\u00e1sn\u00fdm dojm\u016fm, a p\u0159in\u00e9st tak mo\u017en\u00e1 i trochu v\u00edc \u0161t\u011bst\u00ed.&nbsp;<\/p>\n\n\n\n<div style=\"height:20px\" aria-hidden=\"true\" class=\"wp-block-spacer\"><\/div>\n\n\n\n<p class=\"has-text-align-center\" style=\"font-size:16px\"><em>\u201eU budovy je t\u0159eba db\u00e1t na t\u0159i v\u011bci:<br>aby st\u00e1la na spr\u00e1vn\u00e9m m\u00edst\u011b, aby m\u011bla dobr\u00e9 z\u00e1klady<br>a aby byla dokonale postaven\u00e1.\u201c<\/em><\/p>\n\n\n\n<p class=\"has-text-align-center\" style=\"font-size:16px\"><\/p>\n\n\n\n<p class=\"has-text-align-center\" style=\"font-size:12px\"><em>Johann Wolfgang von Goethe (1749 \u2013 1832)<\/em><\/p>\n\n\n<div class=\"n2_clear\"><ss3-force-full-width data-overflow-x=\"body\" data-horizontal-selector=\"body\"><div class=\"n2-section-smartslider fitvidsignore  n2_clear\" data-ssid=\"10\"><div id=\"n2-ss-10-align\" class=\"n2-ss-align\"><div class=\"n2-padding\"><div id=\"n2-ss-10\" data-creator=\"Smart Slider 3\" data-responsive=\"fullwidth\" class=\"n2-ss-slider n2-ow n2-has-hover n2notransition   n2-ss-showcase-horizontal\">        <div class=\"n2-ss-slider-1 n2_ss__touch_element n2-ow\">\n            <div class=\"n2-ss-slider-2 n2-ow\">\n                                <div class=\"n2-ss-slider-3 n2-ow\">\n                    <svg xmlns=\"http:\/\/www.w3.org\/2000\/svg\" viewBox=\"0 0 1200 400\" data-related-device=\"desktopPortrait\" class=\"n2-ow n2-ss-preserve-size n2-ss-preserve-size--slider n2-ss-slide-limiter\" style=\"max-width:1200px\"><\/svg>                    <div class=\"n2-ss-showcase-slides n2-ow\">\n                        <svg xmlns=\"http:\/\/www.w3.org\/2000\/svg\" viewBox=\"0 0 600 400\" class=\"n2-ow n2-ss-preserve-size n2-ss-slide-limiter\"><\/svg>\n                        <div data-first=\"1\" data-slide-duration=\"0\" data-id=\"107\" data-slide-public-id=\"1\" data-title=\"demox4\" class=\"n2-ss-slide  n2-ss-slide-107 n2-ow\"><div class=\"n2-ss-slide-background\" data-public-id=\"1\" data-mode=\"fill\"><div class=\"n2-ss-slide-background-image\" data-blur=\"0\" data-opacity=\"100\" data-x=\"50\" data-y=\"50\" data-alt=\"\" data-title=\"\"><picture class=\"skip-lazy\" data-skip-lazy=\"1\"><img decoding=\"async\" src=\"\/\/www.saller-bau.com\/wp-content\/uploads\/2023\/11\/demox4.jpg\" alt=\"\" title=\"\" loading=\"lazy\" class=\"skip-lazy\" data-skip-lazy=\"1\"><\/picture><\/div><div data-color=\"RGBA(255,255,255,0)\" style=\"background-color: RGBA(255,255,255,0);\" class=\"n2-ss-slide-background-color\"><\/div><\/div><div class=\"n2-ss-slide-inner\"><div role=\"note\" class=\"n2-ss-slide--focus\" tabindex=\"-1\">demox4<\/div><div class=\"n2-ss-layers-container n2-ss-slide-limiter n2-ow\"><div class=\"n2-ss-layer n2-ow n-uc-eyvcEPTZ2SEk\" data-sstype=\"slide\" data-pm=\"default\"><\/div><\/div><\/div><div class=\"n2-ss-showcase-overlay n2-ow\"><\/div><\/div><div data-slide-duration=\"0\" data-id=\"98\" data-slide-public-id=\"2\" aria-hidden=\"true\" data-title=\"S1 Prerov Opening\" class=\"n2-ss-slide  n2-ss-slide-98 n2-ow\"><div class=\"n2-ss-slide-background\" data-public-id=\"2\" data-mode=\"fill\"><div class=\"n2-ss-slide-background-image\" data-blur=\"0\" data-opacity=\"100\" data-x=\"50\" data-y=\"50\" data-alt=\"\" data-title=\"\"><picture class=\"skip-lazy\" data-skip-lazy=\"1\"><img decoding=\"async\" src=\"\/\/www.saller-bau.com\/wp-content\/uploads\/2023\/12\/S1-Prerov-Opening.jpg\" alt=\"\" title=\"\" loading=\"lazy\" class=\"skip-lazy\" data-skip-lazy=\"1\"><\/picture><\/div><div data-color=\"RGBA(255,255,255,0)\" style=\"background-color: RGBA(255,255,255,0);\" class=\"n2-ss-slide-background-color\"><\/div><\/div><div class=\"n2-ss-slide-inner\"><div role=\"note\" class=\"n2-ss-slide--focus\" tabindex=\"-1\">S1 Prerov Opening<\/div><div class=\"n2-ss-layers-container n2-ss-slide-limiter n2-ow\"><div class=\"n2-ss-layer n2-ow n-uc-X6cHPfp3TmYL\" data-sstype=\"slide\" data-pm=\"default\"><\/div><\/div><\/div><div class=\"n2-ss-showcase-overlay n2-ow\"><\/div><\/div><div data-slide-duration=\"0\" data-id=\"106\" data-slide-public-id=\"3\" aria-hidden=\"true\" data-title=\"2018-09-11 Legefeld Firmengeb\u00e4ude mail Arc3+SV (3)\" class=\"n2-ss-slide  n2-ss-slide-106 n2-ow\"><div class=\"n2-ss-slide-background\" data-public-id=\"3\" data-mode=\"fill\"><div class=\"n2-ss-slide-background-image\" data-blur=\"0\" data-opacity=\"100\" data-x=\"50\" data-y=\"50\" data-alt=\"\" data-title=\"\"><picture class=\"skip-lazy\" data-skip-lazy=\"1\"><img decoding=\"async\" src=\"\/\/www.saller-bau.com\/wp-content\/uploads\/2024\/08\/2018-09-11-Legefeld-Firmengebaeude-mail-Arc3SV-3.jpg\" alt=\"\" title=\"\" loading=\"lazy\" class=\"skip-lazy\" data-skip-lazy=\"1\"><\/picture><\/div><div data-color=\"RGBA(255,255,255,0)\" style=\"background-color: RGBA(255,255,255,0);\" class=\"n2-ss-slide-background-color\"><\/div><\/div><div class=\"n2-ss-slide-inner\"><div role=\"note\" class=\"n2-ss-slide--focus\" tabindex=\"-1\">2018-09-11 Legefeld Firmengeb\u00e4ude mail Arc3+SV (3)<\/div><div class=\"n2-ss-layers-container n2-ss-slide-limiter n2-ow\"><div class=\"n2-ss-layer n2-ow n-uc-KX56ENDhFVMD\" data-sstype=\"slide\" data-pm=\"default\"><\/div><\/div><\/div><div class=\"n2-ss-showcase-overlay n2-ow\"><\/div><\/div><div data-slide-duration=\"0\" data-id=\"108\" data-slide-public-id=\"4\" aria-hidden=\"true\" data-title=\"RK2303_6II8191-1-760x380\" class=\"n2-ss-slide  n2-ss-slide-108 n2-ow\"><div class=\"n2-ss-slide-background\" data-public-id=\"4\" data-mode=\"fill\"><div class=\"n2-ss-slide-background-image\" data-blur=\"0\" data-opacity=\"100\" data-x=\"50\" data-y=\"50\" data-alt=\"\" data-title=\"\"><picture class=\"skip-lazy\" data-skip-lazy=\"1\"><img decoding=\"async\" src=\"\/\/www.saller-bau.com\/wp-content\/uploads\/2023\/12\/RK2303_6II8191-1-760x380-1.jpg\" alt=\"\" title=\"\" loading=\"lazy\" class=\"skip-lazy\" data-skip-lazy=\"1\"><\/picture><\/div><div data-color=\"RGBA(255,255,255,0)\" style=\"background-color: RGBA(255,255,255,0);\" class=\"n2-ss-slide-background-color\"><\/div><\/div><div class=\"n2-ss-slide-inner\"><div role=\"note\" class=\"n2-ss-slide--focus\" tabindex=\"-1\">RK2303_6II8191-1-760&#215;380<\/div><div class=\"n2-ss-layers-container n2-ss-slide-limiter n2-ow\"><div class=\"n2-ss-layer n2-ow n-uc-gOzBTBVUiexh\" data-sstype=\"slide\" data-pm=\"default\"><\/div><\/div><\/div><div class=\"n2-ss-showcase-overlay n2-ow\"><\/div><\/div><div data-slide-duration=\"0\" data-id=\"99\" data-slide-public-id=\"5\" aria-hidden=\"true\" data-title=\"DSC03528\" class=\"n2-ss-slide  n2-ss-slide-99 n2-ow\"><div class=\"n2-ss-slide-background\" data-public-id=\"5\" data-mode=\"fill\"><div class=\"n2-ss-slide-background-image\" data-blur=\"0\" data-opacity=\"100\" data-x=\"50\" data-y=\"50\" data-alt=\"\" data-title=\"\"><picture class=\"skip-lazy\" data-skip-lazy=\"1\"><img decoding=\"async\" src=\"\/\/www.saller-bau.com\/wp-content\/uploads\/2024\/08\/DSC03528.jpg\" alt=\"\" title=\"\" loading=\"lazy\" class=\"skip-lazy\" data-skip-lazy=\"1\"><\/picture><\/div><div data-color=\"RGBA(255,255,255,0)\" style=\"background-color: RGBA(255,255,255,0);\" class=\"n2-ss-slide-background-color\"><\/div><\/div><div class=\"n2-ss-slide-inner\"><div role=\"note\" class=\"n2-ss-slide--focus\" tabindex=\"-1\">DSC03528<\/div><div class=\"n2-ss-layers-container n2-ss-slide-limiter n2-ow\"><div class=\"n2-ss-layer n2-ow n-uc-4b4X8vwXMgPg\" data-sstype=\"slide\" data-pm=\"default\"><\/div><\/div><\/div><div class=\"n2-ss-showcase-overlay n2-ow\"><\/div><\/div><div data-slide-duration=\"0\" data-id=\"109\" data-slide-public-id=\"6\" aria-hidden=\"true\" data-title=\"2023-08-09Auenfassade-Neu20\" class=\"n2-ss-slide  n2-ss-slide-109 n2-ow\"><div class=\"n2-ss-slide-background\" data-public-id=\"6\" data-mode=\"fill\"><div class=\"n2-ss-slide-background-image\" data-blur=\"0\" data-opacity=\"100\" data-x=\"50\" data-y=\"50\" data-alt=\"\" data-title=\"\"><picture class=\"skip-lazy\" data-skip-lazy=\"1\"><img decoding=\"async\" src=\"\/\/www.saller-bau.com\/wp-content\/uploads\/slider2\/2023-08-09Auenfassade-Neu20.jpeg\" alt=\"\" title=\"\" loading=\"lazy\" class=\"skip-lazy\" data-skip-lazy=\"1\"><\/picture><\/div><div data-color=\"RGBA(255,255,255,0)\" style=\"background-color: RGBA(255,255,255,0);\" class=\"n2-ss-slide-background-color\"><\/div><\/div><div class=\"n2-ss-slide-inner\"><div role=\"note\" class=\"n2-ss-slide--focus\" tabindex=\"-1\">2023-08-09Auenfassade-Neu20<\/div><div class=\"n2-ss-layers-container n2-ss-slide-limiter n2-ow\"><div class=\"n2-ss-layer n2-ow n-uc-p3EVmxUiGWQb\" data-sstype=\"slide\" data-pm=\"default\"><\/div><\/div><\/div><div class=\"n2-ss-showcase-overlay n2-ow\"><\/div><\/div><div data-slide-duration=\"0\" data-id=\"100\" data-slide-public-id=\"7\" aria-hidden=\"true\" data-title=\"2015-10-22-1Og-Kuh-01\" class=\"n2-ss-slide  n2-ss-slide-100 n2-ow\"><div class=\"n2-ss-slide-background\" data-public-id=\"7\" data-mode=\"fill\"><div class=\"n2-ss-slide-background-image\" data-blur=\"0\" data-opacity=\"100\" data-x=\"50\" data-y=\"50\" data-alt=\"\" data-title=\"\"><picture class=\"skip-lazy\" data-skip-lazy=\"1\"><img decoding=\"async\" src=\"\/\/www.saller-bau.com\/wp-content\/uploads\/2024\/08\/2015-10-22-1Og-Kuh-01.jpg\" alt=\"\" title=\"\" loading=\"lazy\" class=\"skip-lazy\" data-skip-lazy=\"1\"><\/picture><\/div><div data-color=\"RGBA(255,255,255,0)\" style=\"background-color: RGBA(255,255,255,0);\" class=\"n2-ss-slide-background-color\"><\/div><\/div><div class=\"n2-ss-slide-inner\"><div role=\"note\" class=\"n2-ss-slide--focus\" tabindex=\"-1\">2015-10-22-1Og-Kuh-01<\/div><div class=\"n2-ss-layers-container n2-ss-slide-limiter n2-ow\"><div class=\"n2-ss-layer n2-ow n-uc-x2X94ZuBb815\" data-sstype=\"slide\" data-pm=\"default\"><\/div><\/div><\/div><div class=\"n2-ss-showcase-overlay n2-ow\"><\/div><\/div><div data-slide-duration=\"0\" data-id=\"101\" data-slide-public-id=\"8\" aria-hidden=\"true\" data-title=\"2015-10-22-Eingang-au\u00dfen-01\" class=\"n2-ss-slide  n2-ss-slide-101 n2-ow\"><div class=\"n2-ss-slide-background\" data-public-id=\"8\" data-mode=\"fill\"><div class=\"n2-ss-slide-background-image\" data-blur=\"0\" data-opacity=\"100\" data-x=\"50\" data-y=\"50\" data-alt=\"\" data-title=\"\"><picture class=\"skip-lazy\" data-skip-lazy=\"1\"><img decoding=\"async\" src=\"\/\/www.saller-bau.com\/wp-content\/uploads\/2024\/08\/2015-10-22-Eingang-aussen-01.jpg\" alt=\"\" title=\"\" loading=\"lazy\" class=\"skip-lazy\" data-skip-lazy=\"1\"><\/picture><\/div><div data-color=\"RGBA(255,255,255,0)\" style=\"background-color: RGBA(255,255,255,0);\" class=\"n2-ss-slide-background-color\"><\/div><\/div><div class=\"n2-ss-slide-inner\"><div role=\"note\" class=\"n2-ss-slide--focus\" tabindex=\"-1\">2015-10-22-Eingang-au\u00dfen-01<\/div><div class=\"n2-ss-layers-container n2-ss-slide-limiter n2-ow\"><div class=\"n2-ss-layer n2-ow n-uc-QLaB210a6ONV\" data-sstype=\"slide\" data-pm=\"default\"><\/div><\/div><\/div><div class=\"n2-ss-showcase-overlay n2-ow\"><\/div><\/div><div data-slide-duration=\"0\" data-id=\"102\" data-slide-public-id=\"9\" aria-hidden=\"true\" data-title=\"2018-05_Firmenzentrale-Eingang-03\" class=\"n2-ss-slide  n2-ss-slide-102 n2-ow\"><div class=\"n2-ss-slide-background\" data-public-id=\"9\" data-mode=\"fill\"><div class=\"n2-ss-slide-background-image\" data-blur=\"0\" data-opacity=\"100\" data-x=\"50\" data-y=\"50\" data-alt=\"\" data-title=\"\"><picture class=\"skip-lazy\" data-skip-lazy=\"1\"><img decoding=\"async\" src=\"\/\/www.saller-bau.com\/wp-content\/uploads\/2024\/08\/2018-05_Firmenzentrale-Eingang-03.jpg\" alt=\"\" title=\"\" loading=\"lazy\" class=\"skip-lazy\" data-skip-lazy=\"1\"><\/picture><\/div><div data-color=\"RGBA(255,255,255,0)\" style=\"background-color: RGBA(255,255,255,0);\" class=\"n2-ss-slide-background-color\"><\/div><\/div><div class=\"n2-ss-slide-inner\"><div role=\"note\" class=\"n2-ss-slide--focus\" tabindex=\"-1\">2018-05_Firmenzentrale-Eingang-03<\/div><div class=\"n2-ss-layers-container n2-ss-slide-limiter n2-ow\"><div class=\"n2-ss-layer n2-ow n-uc-dl1mGUthzLBK\" data-sstype=\"slide\" data-pm=\"default\"><\/div><\/div><\/div><div class=\"n2-ss-showcase-overlay n2-ow\"><\/div><\/div><div data-slide-duration=\"0\" data-id=\"103\" data-slide-public-id=\"10\" aria-hidden=\"true\" data-title=\"2018-05_Firmenzentrale-Innen-02\" class=\"n2-ss-slide  n2-ss-slide-103 n2-ow\"><div class=\"n2-ss-slide-background\" data-public-id=\"10\" data-mode=\"fill\"><div class=\"n2-ss-slide-background-image\" data-blur=\"0\" data-opacity=\"100\" data-x=\"50\" data-y=\"50\" data-alt=\"\" data-title=\"\"><picture class=\"skip-lazy\" data-skip-lazy=\"1\"><img decoding=\"async\" src=\"\/\/www.saller-bau.com\/wp-content\/uploads\/2024\/08\/2018-05_Firmenzentrale-Innen-02.jpg\" alt=\"\" title=\"\" loading=\"lazy\" class=\"skip-lazy\" data-skip-lazy=\"1\"><\/picture><\/div><div data-color=\"RGBA(255,255,255,0)\" style=\"background-color: RGBA(255,255,255,0);\" class=\"n2-ss-slide-background-color\"><\/div><\/div><div class=\"n2-ss-slide-inner\"><div role=\"note\" class=\"n2-ss-slide--focus\" tabindex=\"-1\">2018-05_Firmenzentrale-Innen-02<\/div><div class=\"n2-ss-layers-container n2-ss-slide-limiter n2-ow\"><div class=\"n2-ss-layer n2-ow n-uc-Wc4HZiQWtnHT\" data-sstype=\"slide\" data-pm=\"default\"><\/div><\/div><\/div><div class=\"n2-ss-showcase-overlay n2-ow\"><\/div><\/div><div data-slide-duration=\"0\" data-id=\"104\" data-slide-public-id=\"11\" aria-hidden=\"true\" data-title=\"2018-09-11 Legefeld Firmengeb\u00e4ude mail Arc3+SV (5)\" class=\"n2-ss-slide  n2-ss-slide-104 n2-ow\"><div class=\"n2-ss-slide-background\" data-public-id=\"11\" data-mode=\"fill\"><div class=\"n2-ss-slide-background-image\" data-blur=\"0\" data-opacity=\"100\" data-x=\"50\" data-y=\"50\" data-alt=\"\" data-title=\"\"><picture class=\"skip-lazy\" data-skip-lazy=\"1\"><img decoding=\"async\" src=\"\/\/www.saller-bau.com\/wp-content\/uploads\/2024\/08\/2018-09-11-Legefeld-Firmengebaeude-mail-Arc3SV-5.jpg\" alt=\"\" title=\"\" loading=\"lazy\" class=\"skip-lazy\" data-skip-lazy=\"1\"><\/picture><\/div><div data-color=\"RGBA(255,255,255,0)\" style=\"background-color: RGBA(255,255,255,0);\" class=\"n2-ss-slide-background-color\"><\/div><\/div><div class=\"n2-ss-slide-inner\"><div role=\"note\" class=\"n2-ss-slide--focus\" tabindex=\"-1\">2018-09-11 Legefeld Firmengeb\u00e4ude mail Arc3+SV (5)<\/div><div class=\"n2-ss-layers-container n2-ss-slide-limiter n2-ow\"><div class=\"n2-ss-layer n2-ow n-uc-5yvw1iEuCJbP\" data-sstype=\"slide\" data-pm=\"default\"><\/div><\/div><\/div><div class=\"n2-ss-showcase-overlay n2-ow\"><\/div><\/div><div data-slide-duration=\"0\" data-id=\"105\" data-slide-public-id=\"12\" aria-hidden=\"true\" data-title=\"Zentrale\" class=\"n2-ss-slide  n2-ss-slide-105 n2-ow\"><div class=\"n2-ss-slide-background\" data-public-id=\"12\" data-mode=\"fill\"><div class=\"n2-ss-slide-background-image\" data-blur=\"0\" data-opacity=\"100\" data-x=\"50\" data-y=\"50\" data-alt=\"\" data-title=\"\"><picture class=\"skip-lazy\" data-skip-lazy=\"1\"><img decoding=\"async\" src=\"\/\/www.saller-bau.com\/wp-content\/uploads\/2024\/08\/Zentrale.jpg\" alt=\"\" title=\"\" loading=\"lazy\" class=\"skip-lazy\" data-skip-lazy=\"1\"><\/picture><\/div><div data-color=\"RGBA(255,255,255,0)\" style=\"background-color: RGBA(255,255,255,0);\" class=\"n2-ss-slide-background-color\"><\/div><\/div><div class=\"n2-ss-slide-inner\"><div role=\"note\" class=\"n2-ss-slide--focus\" tabindex=\"-1\">Zentrale<\/div><div class=\"n2-ss-layers-container n2-ss-slide-limiter n2-ow\"><div class=\"n2-ss-layer n2-ow n-uc-41jPHaqXz1n2\" data-sstype=\"slide\" data-pm=\"default\"><\/div><\/div><\/div><div class=\"n2-ss-showcase-overlay n2-ow\"><\/div><\/div><\/div>\n                <\/div>\n                            <\/div>\n        <\/div>\n        <\/div><ss3-loader><\/ss3-loader><\/div><\/div><div class=\"n2_clear\"><\/div><\/div><\/ss3-force-full-width><\/div>\n\n\n<div style=\"height:20px\" aria-hidden=\"true\" class=\"wp-block-spacer\"><\/div>\n","protected":false},"excerpt":{"rendered":"V\u00e1\u0161e\u0148 pro nemovitosti Na\u0161e strategie: stav\u00edme budovy pro lidi.&nbsp;&nbsp; Chceme, aby se na\u0161e budovy z\u00e1kazn\u00edk\u016fm l\u00edbily. Chceme, aby budovy slou\u017eily \u010dlov\u011bku. Nechceme ekologii pou\u017e\u00edvat jen jako fr\u00e1zi, naopak stoj\u00edme za n\u00ed. Ekologie m\u00e1 smysl, je na\u0161\u00ed etickou povinnost\u00ed v\u00e9st sv\u011bt k lep\u0161\u00ed kvalit\u011b \u017eivota d\u00edky praktick\u00fdm, atraktivn\u00edm a objektivn\u011b kr\u00e1sn\u00fdm dojm\u016fm, a p\u0159in\u00e9st tak mo\u017en\u00e1 [&#8230;]<p><a class=\"btn btn-secondary understrap-read-more-link\" href=\"https:\/\/www.saller-bau.com\/cs\/\">\u010c\u00edst d\u00e1le&#8230;<span class=\"screen-reader-text\"> from Domovsk\u00e1 str\u00e1nka<\/span><\/a><\/p>","protected":false},"author":1,"featured_media":0,"parent":0,"menu_order":0,"comment_status":"closed","ping_status":"closed","template":"","meta":{"_acf_changed":false,"_eb_attr":"","inline_featured_image":false,"postBodyCss":"","postBodyMargin":[],"postBodyPadding":[],"postBodyBackground":{"backgroundType":"classic","gradient":""},"footnotes":""},"class_list":["post-152","page","type-page","status-publish","hentry"],"featured_image_src":null,"acf":[],"yoast_head":"<!-- This site is optimized with the Yoast SEO plugin v27.4 - https:\/\/yoast.com\/product\/yoast-seo-wordpress\/ -->\n<title>Domovsk\u00e1 str\u00e1nka - Saller<\/title>\n<meta name=\"robots\" content=\"index, follow, max-snippet:-1, max-image-preview:large, max-video-preview:-1\" \/>\n<link rel=\"canonical\" href=\"https:\/\/www.saller-bau.com\/cs\/\" \/>\n<meta property=\"og:locale\" content=\"cs_CZ\" \/>\n<meta property=\"og:type\" content=\"article\" \/>\n<meta property=\"og:title\" content=\"Domovsk\u00e1 str\u00e1nka - Saller\" \/>\n<meta property=\"og:description\" content=\"V\u00e1\u0161e\u0148 pro nemovitosti Na\u0161e strategie: stav\u00edme budovy pro lidi.&nbsp;&nbsp; Chceme, aby se na\u0161e budovy z\u00e1kazn\u00edk\u016fm l\u00edbily. Chceme, aby budovy slou\u017eily \u010dlov\u011bku. Nechceme ekologii pou\u017e\u00edvat jen jako fr\u00e1zi, naopak stoj\u00edme za n\u00ed. Ekologie m\u00e1 smysl, je na\u0161\u00ed etickou povinnost\u00ed v\u00e9st sv\u011bt k lep\u0161\u00ed kvalit\u011b \u017eivota d\u00edky praktick\u00fdm, atraktivn\u00edm a objektivn\u011b kr\u00e1sn\u00fdm dojm\u016fm, a p\u0159in\u00e9st tak mo\u017en\u00e1 [...]\u010c\u00edst d\u00e1le... from Domovsk\u00e1 str\u00e1nka\" \/>\n<meta property=\"og:url\" content=\"https:\/\/www.saller-bau.com\/cs\/\" \/>\n<meta property=\"og:site_name\" content=\"Saller\" \/>\n<meta property=\"article:modified_time\" content=\"2025-06-06T08:13:57+00:00\" \/>\n<meta name=\"twitter:card\" content=\"summary_large_image\" \/>\n<meta name=\"twitter:label1\" content=\"Odhadovan\u00e1 doba \u010dten\u00ed\" \/>\n\t<meta name=\"twitter:data1\" content=\"1 minuta\" \/>\n<script type=\"application\/ld+json\" class=\"yoast-schema-graph\">{\"@context\":\"https:\\\/\\\/schema.org\",\"@graph\":[{\"@type\":\"WebPage\",\"@id\":\"https:\\\/\\\/www.saller-bau.com\\\/cs\\\/\",\"url\":\"https:\\\/\\\/www.saller-bau.com\\\/cs\\\/\",\"name\":\"Domovsk\u00e1 str\u00e1nka - Saller\",\"isPartOf\":{\"@id\":\"https:\\\/\\\/www.saller-bau.com\\\/cs\\\/#website\"},\"datePublished\":\"2023-11-07T18:22:12+00:00\",\"dateModified\":\"2025-06-06T08:13:57+00:00\",\"breadcrumb\":{\"@id\":\"https:\\\/\\\/www.saller-bau.com\\\/cs\\\/#breadcrumb\"},\"inLanguage\":\"cs\",\"potentialAction\":[{\"@type\":\"ReadAction\",\"target\":[\"https:\\\/\\\/www.saller-bau.com\\\/cs\\\/\"]}]},{\"@type\":\"BreadcrumbList\",\"@id\":\"https:\\\/\\\/www.saller-bau.com\\\/cs\\\/#breadcrumb\",\"itemListElement\":[{\"@type\":\"ListItem\",\"position\":1,\"name\":\"Startseite\",\"item\":\"https:\\\/\\\/www.saller-bau.com\\\/cs\\\/\"},{\"@type\":\"ListItem\",\"position\":2,\"name\":\"Domovsk\u00e1 str\u00e1nka\"}]},{\"@type\":\"WebSite\",\"@id\":\"https:\\\/\\\/www.saller-bau.com\\\/cs\\\/#website\",\"url\":\"https:\\\/\\\/www.saller-bau.com\\\/cs\\\/\",\"name\":\"Saller\",\"description\":\"\",\"publisher\":{\"@id\":\"https:\\\/\\\/www.saller-bau.com\\\/cs\\\/#organization\"},\"potentialAction\":[{\"@type\":\"SearchAction\",\"target\":{\"@type\":\"EntryPoint\",\"urlTemplate\":\"https:\\\/\\\/www.saller-bau.com\\\/cs\\\/?s={search_term_string}\"},\"query-input\":{\"@type\":\"PropertyValueSpecification\",\"valueRequired\":true,\"valueName\":\"search_term_string\"}}],\"inLanguage\":\"cs\"},{\"@type\":\"Organization\",\"@id\":\"https:\\\/\\\/www.saller-bau.com\\\/cs\\\/#organization\",\"name\":\"Saller Unternehmensgruppe\",\"url\":\"https:\\\/\\\/www.saller-bau.com\\\/cs\\\/\",\"logo\":{\"@type\":\"ImageObject\",\"inLanguage\":\"cs\",\"@id\":\"https:\\\/\\\/www.saller-bau.com\\\/cs\\\/#\\\/schema\\\/logo\\\/image\\\/\",\"url\":\"https:\\\/\\\/www.saller-bau.com\\\/wp-content\\\/uploads\\\/2025\\\/03\\\/Saller-ohne-Group_Immob-aus-Leidenschaft_Spruch-gross-01.png\",\"contentUrl\":\"https:\\\/\\\/www.saller-bau.com\\\/wp-content\\\/uploads\\\/2025\\\/03\\\/Saller-ohne-Group_Immob-aus-Leidenschaft_Spruch-gross-01.png\",\"width\":1308,\"height\":270,\"caption\":\"Saller Unternehmensgruppe\"},\"image\":{\"@id\":\"https:\\\/\\\/www.saller-bau.com\\\/cs\\\/#\\\/schema\\\/logo\\\/image\\\/\"},\"sameAs\":[\"https:\\\/\\\/www.linkedin.com\\\/in\\\/sallergroup\\\/\"]}]}<\/script>\n<!-- \/ Yoast SEO plugin. -->","yoast_head_json":{"title":"Domovsk\u00e1 str\u00e1nka - Saller","robots":{"index":"index","follow":"follow","max-snippet":"max-snippet:-1","max-image-preview":"max-image-preview:large","max-video-preview":"max-video-preview:-1"},"canonical":"https:\/\/www.saller-bau.com\/cs\/","og_locale":"cs_CZ","og_type":"article","og_title":"Domovsk\u00e1 str\u00e1nka - Saller","og_description":"V\u00e1\u0161e\u0148 pro nemovitosti Na\u0161e strategie: stav\u00edme budovy pro lidi.&nbsp;&nbsp; Chceme, aby se na\u0161e budovy z\u00e1kazn\u00edk\u016fm l\u00edbily. Chceme, aby budovy slou\u017eily \u010dlov\u011bku. Nechceme ekologii pou\u017e\u00edvat jen jako fr\u00e1zi, naopak stoj\u00edme za n\u00ed. Ekologie m\u00e1 smysl, je na\u0161\u00ed etickou povinnost\u00ed v\u00e9st sv\u011bt k lep\u0161\u00ed kvalit\u011b \u017eivota d\u00edky praktick\u00fdm, atraktivn\u00edm a objektivn\u011b kr\u00e1sn\u00fdm dojm\u016fm, a p\u0159in\u00e9st tak mo\u017en\u00e1 [...]\u010c\u00edst d\u00e1le... from Domovsk\u00e1 str\u00e1nka","og_url":"https:\/\/www.saller-bau.com\/cs\/","og_site_name":"Saller","article_modified_time":"2025-06-06T08:13:57+00:00","twitter_card":"summary_large_image","twitter_misc":{"Odhadovan\u00e1 doba \u010dten\u00ed":"1 minuta"},"schema":{"@context":"https:\/\/schema.org","@graph":[{"@type":"WebPage","@id":"https:\/\/www.saller-bau.com\/cs\/","url":"https:\/\/www.saller-bau.com\/cs\/","name":"Domovsk\u00e1 str\u00e1nka - Saller","isPartOf":{"@id":"https:\/\/www.saller-bau.com\/cs\/#website"},"datePublished":"2023-11-07T18:22:12+00:00","dateModified":"2025-06-06T08:13:57+00:00","breadcrumb":{"@id":"https:\/\/www.saller-bau.com\/cs\/#breadcrumb"},"inLanguage":"cs","potentialAction":[{"@type":"ReadAction","target":["https:\/\/www.saller-bau.com\/cs\/"]}]},{"@type":"BreadcrumbList","@id":"https:\/\/www.saller-bau.com\/cs\/#breadcrumb","itemListElement":[{"@type":"ListItem","position":1,"name":"Startseite","item":"https:\/\/www.saller-bau.com\/cs\/"},{"@type":"ListItem","position":2,"name":"Domovsk\u00e1 str\u00e1nka"}]},{"@type":"WebSite","@id":"https:\/\/www.saller-bau.com\/cs\/#website","url":"https:\/\/www.saller-bau.com\/cs\/","name":"Saller","description":"","publisher":{"@id":"https:\/\/www.saller-bau.com\/cs\/#organization"},"potentialAction":[{"@type":"SearchAction","target":{"@type":"EntryPoint","urlTemplate":"https:\/\/www.saller-bau.com\/cs\/?s={search_term_string}"},"query-input":{"@type":"PropertyValueSpecification","valueRequired":true,"valueName":"search_term_string"}}],"inLanguage":"cs"},{"@type":"Organization","@id":"https:\/\/www.saller-bau.com\/cs\/#organization","name":"Saller Unternehmensgruppe","url":"https:\/\/www.saller-bau.com\/cs\/","logo":{"@type":"ImageObject","inLanguage":"cs","@id":"https:\/\/www.saller-bau.com\/cs\/#\/schema\/logo\/image\/","url":"https:\/\/www.saller-bau.com\/wp-content\/uploads\/2025\/03\/Saller-ohne-Group_Immob-aus-Leidenschaft_Spruch-gross-01.png","contentUrl":"https:\/\/www.saller-bau.com\/wp-content\/uploads\/2025\/03\/Saller-ohne-Group_Immob-aus-Leidenschaft_Spruch-gross-01.png","width":1308,"height":270,"caption":"Saller Unternehmensgruppe"},"image":{"@id":"https:\/\/www.saller-bau.com\/cs\/#\/schema\/logo\/image\/"},"sameAs":["https:\/\/www.linkedin.com\/in\/sallergroup\/"]}]}},"_links":{"self":[{"href":"https:\/\/www.saller-bau.com\/cs\/wp-json\/wp\/v2\/pages\/152","targetHints":{"allow":["GET"]}}],"collection":[{"href":"https:\/\/www.saller-bau.com\/cs\/wp-json\/wp\/v2\/pages"}],"about":[{"href":"https:\/\/www.saller-bau.com\/cs\/wp-json\/wp\/v2\/types\/page"}],"author":[{"embeddable":true,"href":"https:\/\/www.saller-bau.com\/cs\/wp-json\/wp\/v2\/users\/1"}],"replies":[{"embeddable":true,"href":"https:\/\/www.saller-bau.com\/cs\/wp-json\/wp\/v2\/comments?post=152"}],"version-history":[{"count":29,"href":"https:\/\/www.saller-bau.com\/cs\/wp-json\/wp\/v2\/pages\/152\/revisions"}],"predecessor-version":[{"id":3105,"href":"https:\/\/www.saller-bau.com\/cs\/wp-json\/wp\/v2\/pages\/152\/revisions\/3105"}],"wp:attachment":[{"href":"https:\/\/www.saller-bau.com\/cs\/wp-json\/wp\/v2\/media?parent=152"}],"curies":[{"name":"wp","href":"https:\/\/api.w.org\/{rel}","templated":true}]}}